{"id":2666,"date":"2022-03-31T19:57:01","date_gmt":"2022-03-31T19:57:01","guid":{"rendered":"https:\/\/qualiquimica.com\/produto\/lava-tudo-montanha-plus\/"},"modified":"2022-10-19T23:51:46","modified_gmt":"2022-10-19T23:51:46","slug":"lava-tudo-montanha-plus","status":"publish","type":"product","link":"https:\/\/qualiquimica.com\/en\/product\/lava-tudo-montanha-plus\/","title":{"rendered":"Lava Tudo Montanha Plus"},"content":{"rendered":"","protected":false},"excerpt":{"rendered":"<p>Detergente\u00a0l\u00edquido extra perfumado para usos gerais\u00a0como\u00a0lavagens e desodoriza\u00e7\u00e3o de pavimentos, bancadas e WC. Cont\u00e9m perfume Montanha.<\/p>\n","protected":false},"featured_media":1941,"comment_status":"open","ping_status":"closed","template":"","meta":[],"product_brand":[],"product_cat":[36,52],"product_tag":[],"class_list":{"0":"post-2666","1":"product","2":"type-product","3":"status-publish","4":"has-post-thumbnail","6":"product_cat-linha-profissional","7":"product_cat-limpeza-e-manutencao-geral","9":"first","10":"instock","11":"shipping-taxable","12":"purchasable","13":"product-type-variable"},"_links":{"self":[{"href":"https:\/\/qualiquimica.com\/en\/wp-json\/wp\/v2\/product\/2666"}],"collection":[{"href":"https:\/\/qualiquimica.com\/en\/wp-json\/wp\/v2\/product"}],"about":[{"href":"https:\/\/qualiquimica.com\/en\/wp-json\/wp\/v2\/types\/product"}],"replies":[{"embeddable":true,"href":"https:\/\/qualiquimica.com\/en\/wp-json\/wp\/v2\/comments?post=2666"}],"wp:featuredmedia":[{"embeddable":true,"href":"https:\/\/qualiquimica.com\/en\/wp-json\/wp\/v2\/media\/1941"}],"wp:attachment":[{"href":"https:\/\/qualiquimica.com\/en\/wp-json\/wp\/v2\/media?parent=2666"}],"wp:term":[{"taxonomy":"product_brand","embeddable":true,"href":"https:\/\/qualiquimica.com\/en\/wp-json\/wp\/v2\/product_brand?post=2666"},{"taxonomy":"product_cat","embeddable":true,"href":"https:\/\/qualiquimica.com\/en\/wp-json\/wp\/v2\/product_cat?post=2666"},{"taxonomy":"product_tag","embeddable":true,"href":"https:\/\/qualiquimica.com\/en\/wp-json\/wp\/v2\/product_tag?post=2666"}],"curies":[{"name":"wp","href":"https:\/\/api.w.org\/{rel}","templated":true}]}}