{"id":2672,"date":"2022-03-31T19:57:02","date_gmt":"2022-03-31T19:57:02","guid":{"rendered":"https:\/\/qualiquimica.com\/produto\/multiusos-c-pulverizador\/"},"modified":"2022-10-19T23:51:46","modified_gmt":"2022-10-19T23:51:46","slug":"multiusos-c-pulverizador","status":"publish","type":"product","link":"https:\/\/qualiquimica.com\/en\/product\/multiusos-c-pulverizador\/","title":{"rendered":"Multiusos c\/ Pulverizador"},"content":{"rendered":"","protected":false},"excerpt":{"rendered":"<p>Detergente\u00a0de aplica\u00e7\u00e3o direta de elevada efici\u00eancia na remo\u00e7\u00e3o da sujidade, manchas e dedadas em vidros, pl\u00e1sticos, bancadas, mesas, eletrodom\u00e9sticos, entre outros. Produto com secagem r\u00e1pida e propriedades anti est\u00e1ticas.<\/p>\n","protected":false},"featured_media":1792,"comment_status":"open","ping_status":"closed","template":"","meta":[],"product_brand":[],"product_cat":[36,52],"product_tag":[],"class_list":{"0":"post-2672","1":"product","2":"type-product","3":"status-publish","4":"has-post-thumbnail","6":"product_cat-linha-profissional","7":"product_cat-limpeza-e-manutencao-geral","9":"first","10":"instock","11":"shipping-taxable","12":"purchasable","13":"product-type-variable"},"_links":{"self":[{"href":"https:\/\/qualiquimica.com\/en\/wp-json\/wp\/v2\/product\/2672"}],"collection":[{"href":"https:\/\/qualiquimica.com\/en\/wp-json\/wp\/v2\/product"}],"about":[{"href":"https:\/\/qualiquimica.com\/en\/wp-json\/wp\/v2\/types\/product"}],"replies":[{"embeddable":true,"href":"https:\/\/qualiquimica.com\/en\/wp-json\/wp\/v2\/comments?post=2672"}],"wp:featuredmedia":[{"embeddable":true,"href":"https:\/\/qualiquimica.com\/en\/wp-json\/wp\/v2\/media\/1792"}],"wp:attachment":[{"href":"https:\/\/qualiquimica.com\/en\/wp-json\/wp\/v2\/media?parent=2672"}],"wp:term":[{"taxonomy":"product_brand","embeddable":true,"href":"https:\/\/qualiquimica.com\/en\/wp-json\/wp\/v2\/product_brand?post=2672"},{"taxonomy":"product_cat","embeddable":true,"href":"https:\/\/qualiquimica.com\/en\/wp-json\/wp\/v2\/product_cat?post=2672"},{"taxonomy":"product_tag","embeddable":true,"href":"https:\/\/qualiquimica.com\/en\/wp-json\/wp\/v2\/product_tag?post=2672"}],"curies":[{"name":"wp","href":"https:\/\/api.w.org\/{rel}","templated":true}]}}