{"id":2675,"date":"2022-03-31T19:57:02","date_gmt":"2022-03-31T19:57:02","guid":{"rendered":"https:\/\/qualiquimica.com\/produto\/clorclean-detergente-clorado-perfumado\/"},"modified":"2022-10-19T23:51:46","modified_gmt":"2022-10-19T23:51:46","slug":"clorclean-detergente-clorado-perfumado","status":"publish","type":"product","link":"https:\/\/qualiquimica.com\/en\/product\/clorclean-detergente-clorado-perfumado\/","title":{"rendered":"Clorclean \u2013 Detergente Clorado Perfumado"},"content":{"rendered":"","protected":false},"excerpt":{"rendered":"<p>Detergente desinfetante perfumado \u00e0 base de cloro ativo para limpeza e desinfe\u00e7\u00e3o profunda de superf\u00edcies resistentes \u00e0 \u00e1gua. Produto perfumado apto para uso em pavimentos e WC.<\/p>\n","protected":false},"featured_media":1951,"comment_status":"open","ping_status":"closed","template":"","meta":[],"product_brand":[],"product_cat":[36,52],"product_tag":[],"class_list":{"0":"post-2675","1":"product","2":"type-product","3":"status-publish","4":"has-post-thumbnail","6":"product_cat-linha-profissional","7":"product_cat-limpeza-e-manutencao-geral","9":"first","10":"instock","11":"shipping-taxable","12":"purchasable","13":"product-type-variable"},"_links":{"self":[{"href":"https:\/\/qualiquimica.com\/en\/wp-json\/wp\/v2\/product\/2675"}],"collection":[{"href":"https:\/\/qualiquimica.com\/en\/wp-json\/wp\/v2\/product"}],"about":[{"href":"https:\/\/qualiquimica.com\/en\/wp-json\/wp\/v2\/types\/product"}],"replies":[{"embeddable":true,"href":"https:\/\/qualiquimica.com\/en\/wp-json\/wp\/v2\/comments?post=2675"}],"wp:featuredmedia":[{"embeddable":true,"href":"https:\/\/qualiquimica.com\/en\/wp-json\/wp\/v2\/media\/1951"}],"wp:attachment":[{"href":"https:\/\/qualiquimica.com\/en\/wp-json\/wp\/v2\/media?parent=2675"}],"wp:term":[{"taxonomy":"product_brand","embeddable":true,"href":"https:\/\/qualiquimica.com\/en\/wp-json\/wp\/v2\/product_brand?post=2675"},{"taxonomy":"product_cat","embeddable":true,"href":"https:\/\/qualiquimica.com\/en\/wp-json\/wp\/v2\/product_cat?post=2675"},{"taxonomy":"product_tag","embeddable":true,"href":"https:\/\/qualiquimica.com\/en\/wp-json\/wp\/v2\/product_tag?post=2675"}],"curies":[{"name":"wp","href":"https:\/\/api.w.org\/{rel}","templated":true}]}}