{"id":2676,"date":"2022-03-31T19:57:02","date_gmt":"2022-03-31T19:57:02","guid":{"rendered":"https:\/\/qualiquimica.com\/produto\/gelclean-gel-com-lixivia-perfumado\/"},"modified":"2022-10-19T23:51:46","modified_gmt":"2022-10-19T23:51:46","slug":"gelclean-gel-com-lixivia-perfumado","status":"publish","type":"product","link":"https:\/\/qualiquimica.com\/en\/product\/gelclean-gel-com-lixivia-perfumado\/","title":{"rendered":"Gelclean \u2013 Gel com Lix\u00edvia Perfumado"},"content":{"rendered":"","protected":false},"excerpt":{"rendered":"<p>Gel perfumado \u00e0 base de cloro para limpeza e desinfe\u00e7\u00e3o profunda de superf\u00edcies resistentes \u00e0\u00a0\u00e1gua. A sua formula\u00e7\u00e3o viscosa permite um tempo de contacto mais elevado em superf\u00edcies verticais.<\/p>\n","protected":false},"featured_media":3652,"comment_status":"open","ping_status":"closed","template":"","meta":[],"product_brand":[],"product_cat":[36,52],"product_tag":[],"class_list":{"0":"post-2676","1":"product","2":"type-product","3":"status-publish","4":"has-post-thumbnail","6":"product_cat-linha-profissional","7":"product_cat-limpeza-e-manutencao-geral","9":"first","10":"instock","11":"shipping-taxable","12":"purchasable","13":"product-type-variable"},"_links":{"self":[{"href":"https:\/\/qualiquimica.com\/en\/wp-json\/wp\/v2\/product\/2676"}],"collection":[{"href":"https:\/\/qualiquimica.com\/en\/wp-json\/wp\/v2\/product"}],"about":[{"href":"https:\/\/qualiquimica.com\/en\/wp-json\/wp\/v2\/types\/product"}],"replies":[{"embeddable":true,"href":"https:\/\/qualiquimica.com\/en\/wp-json\/wp\/v2\/comments?post=2676"}],"wp:featuredmedia":[{"embeddable":true,"href":"https:\/\/qualiquimica.com\/en\/wp-json\/wp\/v2\/media\/3652"}],"wp:attachment":[{"href":"https:\/\/qualiquimica.com\/en\/wp-json\/wp\/v2\/media?parent=2676"}],"wp:term":[{"taxonomy":"product_brand","embeddable":true,"href":"https:\/\/qualiquimica.com\/en\/wp-json\/wp\/v2\/product_brand?post=2676"},{"taxonomy":"product_cat","embeddable":true,"href":"https:\/\/qualiquimica.com\/en\/wp-json\/wp\/v2\/product_cat?post=2676"},{"taxonomy":"product_tag","embeddable":true,"href":"https:\/\/qualiquimica.com\/en\/wp-json\/wp\/v2\/product_tag?post=2676"}],"curies":[{"name":"wp","href":"https:\/\/api.w.org\/{rel}","templated":true}]}}