{"id":2678,"date":"2022-03-31T19:57:02","date_gmt":"2022-03-31T19:57:02","guid":{"rendered":"https:\/\/qualiquimica.com\/produto\/clorosuper-liquido-clorado-alcalino\/"},"modified":"2022-10-19T23:51:47","modified_gmt":"2022-10-19T23:51:47","slug":"clorosuper-liquido-clorado-alcalino","status":"publish","type":"product","link":"https:\/\/qualiquimica.com\/en\/product\/clorosuper-liquido-clorado-alcalino\/","title":{"rendered":"Clorosuper \u2013 L\u00edquido Clorado Alcalino"},"content":{"rendered":"","protected":false},"excerpt":{"rendered":"<p>L\u00edquido clorado concentrado para limpeza geral de superf\u00edcies, bancadas e loi\u00e7as de casa de banho. Tamb\u00e9m pode ser utilizado como agente braqueador.<\/p>\n","protected":false},"featured_media":2013,"comment_status":"open","ping_status":"closed","template":"","meta":[],"product_brand":[],"product_cat":[36,52],"product_tag":[],"class_list":{"0":"post-2678","1":"product","2":"type-product","3":"status-publish","4":"has-post-thumbnail","6":"product_cat-linha-profissional","7":"product_cat-limpeza-e-manutencao-geral","9":"first","10":"instock","11":"shipping-taxable","12":"purchasable","13":"product-type-variable"},"_links":{"self":[{"href":"https:\/\/qualiquimica.com\/en\/wp-json\/wp\/v2\/product\/2678"}],"collection":[{"href":"https:\/\/qualiquimica.com\/en\/wp-json\/wp\/v2\/product"}],"about":[{"href":"https:\/\/qualiquimica.com\/en\/wp-json\/wp\/v2\/types\/product"}],"replies":[{"embeddable":true,"href":"https:\/\/qualiquimica.com\/en\/wp-json\/wp\/v2\/comments?post=2678"}],"wp:featuredmedia":[{"embeddable":true,"href":"https:\/\/qualiquimica.com\/en\/wp-json\/wp\/v2\/media\/2013"}],"wp:attachment":[{"href":"https:\/\/qualiquimica.com\/en\/wp-json\/wp\/v2\/media?parent=2678"}],"wp:term":[{"taxonomy":"product_brand","embeddable":true,"href":"https:\/\/qualiquimica.com\/en\/wp-json\/wp\/v2\/product_brand?post=2678"},{"taxonomy":"product_cat","embeddable":true,"href":"https:\/\/qualiquimica.com\/en\/wp-json\/wp\/v2\/product_cat?post=2678"},{"taxonomy":"product_tag","embeddable":true,"href":"https:\/\/qualiquimica.com\/en\/wp-json\/wp\/v2\/product_tag?post=2678"}],"curies":[{"name":"wp","href":"https:\/\/api.w.org\/{rel}","templated":true}]}}