{"id":2682,"date":"2022-03-31T19:57:03","date_gmt":"2022-03-31T19:57:03","guid":{"rendered":"https:\/\/qualiquimica.com\/produto\/limpa-vidros-recuperadores-de-calor\/"},"modified":"2022-10-19T23:51:47","modified_gmt":"2022-10-19T23:51:47","slug":"limpa-vidros-recuperadores-de-calor","status":"publish","type":"product","link":"https:\/\/qualiquimica.com\/en\/product\/limpa-vidros-recuperadores-de-calor\/","title":{"rendered":"Limpa Vidros Recuperadores de Calor"},"content":{"rendered":"","protected":false},"excerpt":{"rendered":"<p>Potente desengordurante e\u00a0desincrustante\u00a0concentrado para limpeza de vidros de recuperadores de calor. A sua f\u00f3rmula permite secagem r\u00e1pida e elevada efici\u00eancia na remo\u00e7\u00e3o de manchas. Dada a sua versatilidade, pode ser utilizado noutros tipos de desengorduramentos.<\/p>\n","protected":false},"featured_media":3527,"comment_status":"open","ping_status":"closed","template":"","meta":[],"product_brand":[],"product_cat":[36,52],"product_tag":[],"class_list":{"0":"post-2682","1":"product","2":"type-product","3":"status-publish","4":"has-post-thumbnail","6":"product_cat-linha-profissional","7":"product_cat-limpeza-e-manutencao-geral","9":"first","10":"instock","11":"shipping-taxable","12":"purchasable","13":"product-type-variable"},"_links":{"self":[{"href":"https:\/\/qualiquimica.com\/en\/wp-json\/wp\/v2\/product\/2682"}],"collection":[{"href":"https:\/\/qualiquimica.com\/en\/wp-json\/wp\/v2\/product"}],"about":[{"href":"https:\/\/qualiquimica.com\/en\/wp-json\/wp\/v2\/types\/product"}],"replies":[{"embeddable":true,"href":"https:\/\/qualiquimica.com\/en\/wp-json\/wp\/v2\/comments?post=2682"}],"wp:featuredmedia":[{"embeddable":true,"href":"https:\/\/qualiquimica.com\/en\/wp-json\/wp\/v2\/media\/3527"}],"wp:attachment":[{"href":"https:\/\/qualiquimica.com\/en\/wp-json\/wp\/v2\/media?parent=2682"}],"wp:term":[{"taxonomy":"product_brand","embeddable":true,"href":"https:\/\/qualiquimica.com\/en\/wp-json\/wp\/v2\/product_brand?post=2682"},{"taxonomy":"product_cat","embeddable":true,"href":"https:\/\/qualiquimica.com\/en\/wp-json\/wp\/v2\/product_cat?post=2682"},{"taxonomy":"product_tag","embeddable":true,"href":"https:\/\/qualiquimica.com\/en\/wp-json\/wp\/v2\/product_tag?post=2682"}],"curies":[{"name":"wp","href":"https:\/\/api.w.org\/{rel}","templated":true}]}}