{"id":2683,"date":"2022-03-31T19:57:03","date_gmt":"2022-03-31T19:57:03","guid":{"rendered":"https:\/\/qualiquimica.com\/produto\/dml-80-detergente-alcalino-p-auto-lavadoras\/"},"modified":"2022-10-19T23:51:47","modified_gmt":"2022-10-19T23:51:47","slug":"dml-80-detergente-alcalino-p-auto-lavadoras","status":"publish","type":"product","link":"https:\/\/qualiquimica.com\/en\/product\/dml-80-detergente-alcalino-p-auto-lavadoras\/","title":{"rendered":"DML 80 \u2013 Detergente Alcalino p\/ Auto Lavadoras"},"content":{"rendered":"","protected":false},"excerpt":{"rendered":"<p>Potente detergente alcalino de baixa espuma para pavimentos, especialmente desenvolvido para m\u00e1quinas\u00a0de disco\u00a0de alta rota\u00e7\u00e3o. Permite\u00a0elevada efici\u00eancia em desengorduramento de pavimentos, caracterizando-se por uma excelente performance na remo\u00e7\u00e3o de sujidade, gorduras e \u00f3leos n\u00e3o deixando res\u00edduos.<\/p>\n","protected":false},"featured_media":2052,"comment_status":"open","ping_status":"closed","template":"","meta":[],"product_brand":[],"product_cat":[36,52],"product_tag":[],"class_list":{"0":"post-2683","1":"product","2":"type-product","3":"status-publish","4":"has-post-thumbnail","6":"product_cat-linha-profissional","7":"product_cat-limpeza-e-manutencao-geral","9":"first","10":"instock","11":"shipping-taxable","12":"purchasable","13":"product-type-variable"},"_links":{"self":[{"href":"https:\/\/qualiquimica.com\/en\/wp-json\/wp\/v2\/product\/2683"}],"collection":[{"href":"https:\/\/qualiquimica.com\/en\/wp-json\/wp\/v2\/product"}],"about":[{"href":"https:\/\/qualiquimica.com\/en\/wp-json\/wp\/v2\/types\/product"}],"replies":[{"embeddable":true,"href":"https:\/\/qualiquimica.com\/en\/wp-json\/wp\/v2\/comments?post=2683"}],"wp:featuredmedia":[{"embeddable":true,"href":"https:\/\/qualiquimica.com\/en\/wp-json\/wp\/v2\/media\/2052"}],"wp:attachment":[{"href":"https:\/\/qualiquimica.com\/en\/wp-json\/wp\/v2\/media?parent=2683"}],"wp:term":[{"taxonomy":"product_brand","embeddable":true,"href":"https:\/\/qualiquimica.com\/en\/wp-json\/wp\/v2\/product_brand?post=2683"},{"taxonomy":"product_cat","embeddable":true,"href":"https:\/\/qualiquimica.com\/en\/wp-json\/wp\/v2\/product_cat?post=2683"},{"taxonomy":"product_tag","embeddable":true,"href":"https:\/\/qualiquimica.com\/en\/wp-json\/wp\/v2\/product_tag?post=2683"}],"curies":[{"name":"wp","href":"https:\/\/api.w.org\/{rel}","templated":true}]}}