{"id":2684,"date":"2022-03-31T19:57:03","date_gmt":"2022-03-31T19:57:03","guid":{"rendered":"https:\/\/qualiquimica.com\/produto\/dml-soft-detergente-perfumado-p-auto-lavadoras\/"},"modified":"2022-10-19T23:51:47","modified_gmt":"2022-10-19T23:51:47","slug":"dml-soft-detergente-perfumado-p-auto-lavadoras","status":"publish","type":"product","link":"https:\/\/qualiquimica.com\/en\/product\/dml-soft-detergente-perfumado-p-auto-lavadoras\/","title":{"rendered":"DML Soft &#8211; Detergente Perfumado p\/ Auto Lavadoras"},"content":{"rendered":"","protected":false},"excerpt":{"rendered":"<p>Detergente de baixa espuma para pavimentos, especialmente desenvolvido para m\u00e1quinas de disco de alta rota\u00e7\u00e3o.\u00a0Permite elevada efici\u00eancia em limpeza de pavimentos, estando apto para situa\u00e7\u00f5es de sujidade baixa ou interm\u00e9dia, onde se pretenda um produto de baixa agressividade para as superf\u00edcies.<\/p>\n","protected":false},"featured_media":1960,"comment_status":"open","ping_status":"closed","template":"","meta":[],"product_brand":[],"product_cat":[36,52],"product_tag":[],"class_list":{"0":"post-2684","1":"product","2":"type-product","3":"status-publish","4":"has-post-thumbnail","6":"product_cat-linha-profissional","7":"product_cat-limpeza-e-manutencao-geral","9":"first","10":"instock","11":"shipping-taxable","12":"purchasable","13":"product-type-variable"},"_links":{"self":[{"href":"https:\/\/qualiquimica.com\/en\/wp-json\/wp\/v2\/product\/2684"}],"collection":[{"href":"https:\/\/qualiquimica.com\/en\/wp-json\/wp\/v2\/product"}],"about":[{"href":"https:\/\/qualiquimica.com\/en\/wp-json\/wp\/v2\/types\/product"}],"replies":[{"embeddable":true,"href":"https:\/\/qualiquimica.com\/en\/wp-json\/wp\/v2\/comments?post=2684"}],"wp:featuredmedia":[{"embeddable":true,"href":"https:\/\/qualiquimica.com\/en\/wp-json\/wp\/v2\/media\/1960"}],"wp:attachment":[{"href":"https:\/\/qualiquimica.com\/en\/wp-json\/wp\/v2\/media?parent=2684"}],"wp:term":[{"taxonomy":"product_brand","embeddable":true,"href":"https:\/\/qualiquimica.com\/en\/wp-json\/wp\/v2\/product_brand?post=2684"},{"taxonomy":"product_cat","embeddable":true,"href":"https:\/\/qualiquimica.com\/en\/wp-json\/wp\/v2\/product_cat?post=2684"},{"taxonomy":"product_tag","embeddable":true,"href":"https:\/\/qualiquimica.com\/en\/wp-json\/wp\/v2\/product_tag?post=2684"}],"curies":[{"name":"wp","href":"https:\/\/api.w.org\/{rel}","templated":true}]}}