{"id":2685,"date":"2022-03-31T19:57:03","date_gmt":"2022-03-31T19:57:03","guid":{"rendered":"https:\/\/qualiquimica.com\/produto\/limpa-inox-c-pulverizador\/"},"modified":"2022-10-19T23:51:47","modified_gmt":"2022-10-19T23:51:47","slug":"limpa-inox-c-pulverizador","status":"publish","type":"product","link":"https:\/\/qualiquimica.com\/en\/product\/limpa-inox-c-pulverizador\/","title":{"rendered":"Limpa Inox c\/ Pulverizador"},"content":{"rendered":"","protected":false},"excerpt":{"rendered":"<p>Detergente especialmente formulado para limpar e real\u00e7ar o brilho natural das superf\u00edcies em a\u00e7o inox. O produto\u00a0permite secagem r\u00e1pida e possui bom poder desincrustante e desengordurante, facilitando a remo\u00e7\u00e3o de manchas, dedadas, gorduras, calc\u00e1rio, ferrugem, etc.<\/p>\n","protected":false},"featured_media":2340,"comment_status":"open","ping_status":"closed","template":"","meta":[],"product_brand":[],"product_cat":[36,52],"product_tag":[],"class_list":{"0":"post-2685","1":"product","2":"type-product","3":"status-publish","4":"has-post-thumbnail","6":"product_cat-linha-profissional","7":"product_cat-limpeza-e-manutencao-geral","9":"first","10":"instock","11":"shipping-taxable","12":"purchasable","13":"product-type-variable"},"_links":{"self":[{"href":"https:\/\/qualiquimica.com\/en\/wp-json\/wp\/v2\/product\/2685"}],"collection":[{"href":"https:\/\/qualiquimica.com\/en\/wp-json\/wp\/v2\/product"}],"about":[{"href":"https:\/\/qualiquimica.com\/en\/wp-json\/wp\/v2\/types\/product"}],"replies":[{"embeddable":true,"href":"https:\/\/qualiquimica.com\/en\/wp-json\/wp\/v2\/comments?post=2685"}],"wp:featuredmedia":[{"embeddable":true,"href":"https:\/\/qualiquimica.com\/en\/wp-json\/wp\/v2\/media\/2340"}],"wp:attachment":[{"href":"https:\/\/qualiquimica.com\/en\/wp-json\/wp\/v2\/media?parent=2685"}],"wp:term":[{"taxonomy":"product_brand","embeddable":true,"href":"https:\/\/qualiquimica.com\/en\/wp-json\/wp\/v2\/product_brand?post=2685"},{"taxonomy":"product_cat","embeddable":true,"href":"https:\/\/qualiquimica.com\/en\/wp-json\/wp\/v2\/product_cat?post=2685"},{"taxonomy":"product_tag","embeddable":true,"href":"https:\/\/qualiquimica.com\/en\/wp-json\/wp\/v2\/product_tag?post=2685"}],"curies":[{"name":"wp","href":"https:\/\/api.w.org\/{rel}","templated":true}]}}