{"id":2686,"date":"2022-03-31T19:57:03","date_gmt":"2022-03-31T19:57:03","guid":{"rendered":"https:\/\/qualiquimica.com\/produto\/desincrustante-extra-wc-c-pulverizador\/"},"modified":"2022-10-19T23:51:47","modified_gmt":"2022-10-19T23:51:47","slug":"desincrustante-extra-wc-c-pulverizador","status":"publish","type":"product","link":"https:\/\/qualiquimica.com\/en\/product\/desincrustante-extra-wc-c-pulverizador\/","title":{"rendered":"Desincrustante Extra WC c\/ Pulverizador"},"content":{"rendered":"","protected":false},"excerpt":{"rendered":"<p>Detergente l\u00edquido concentrado de base \u00e1cida com elevado poder\u00a0desincrustante. Atua sobre ferrugem, calc\u00e1rio e outras\u00a0incrusta\u00e7\u00f5es. Apto para uso em loi\u00e7as de casa de banho e outras aplica\u00e7\u00f5es onde se pretenda boa capacidade de remo\u00e7\u00e3o de sujidade incrustada.<\/p>\n","protected":false},"featured_media":3533,"comment_status":"open","ping_status":"closed","template":"","meta":[],"product_brand":[],"product_cat":[36,52],"product_tag":[],"class_list":{"0":"post-2686","1":"product","2":"type-product","3":"status-publish","4":"has-post-thumbnail","6":"product_cat-linha-profissional","7":"product_cat-limpeza-e-manutencao-geral","9":"first","10":"instock","11":"shipping-taxable","12":"purchasable","13":"product-type-variable"},"_links":{"self":[{"href":"https:\/\/qualiquimica.com\/en\/wp-json\/wp\/v2\/product\/2686"}],"collection":[{"href":"https:\/\/qualiquimica.com\/en\/wp-json\/wp\/v2\/product"}],"about":[{"href":"https:\/\/qualiquimica.com\/en\/wp-json\/wp\/v2\/types\/product"}],"replies":[{"embeddable":true,"href":"https:\/\/qualiquimica.com\/en\/wp-json\/wp\/v2\/comments?post=2686"}],"wp:featuredmedia":[{"embeddable":true,"href":"https:\/\/qualiquimica.com\/en\/wp-json\/wp\/v2\/media\/3533"}],"wp:attachment":[{"href":"https:\/\/qualiquimica.com\/en\/wp-json\/wp\/v2\/media?parent=2686"}],"wp:term":[{"taxonomy":"product_brand","embeddable":true,"href":"https:\/\/qualiquimica.com\/en\/wp-json\/wp\/v2\/product_brand?post=2686"},{"taxonomy":"product_cat","embeddable":true,"href":"https:\/\/qualiquimica.com\/en\/wp-json\/wp\/v2\/product_cat?post=2686"},{"taxonomy":"product_tag","embeddable":true,"href":"https:\/\/qualiquimica.com\/en\/wp-json\/wp\/v2\/product_tag?post=2686"}],"curies":[{"name":"wp","href":"https:\/\/api.w.org\/{rel}","templated":true}]}}