{"id":2689,"date":"2022-03-31T19:57:07","date_gmt":"2022-03-31T19:57:07","guid":{"rendered":"https:\/\/qualiquimica.com\/produto\/limpa-secretarias-c-pulverizador\/"},"modified":"2022-10-19T23:51:52","modified_gmt":"2022-10-19T23:51:52","slug":"limpa-secretarias-c-pulverizador","status":"publish","type":"product","link":"https:\/\/qualiquimica.com\/en\/product\/limpa-secretarias-c-pulverizador\/","title":{"rendered":"Limpa Secret\u00e1rias c\/ Pulverizador"},"content":{"rendered":"","protected":false},"excerpt":{"rendered":"<p>Produto\u00a0formulado para limpeza de secret\u00e1rias\u00a0escolares e de escrit\u00f3rios feitas de materiais sint\u00e9ticos. Remove tinta de caneta, l\u00e1pis, marcadores, corretores e outros tipos de tintas.<\/p>\n","protected":false},"featured_media":3535,"comment_status":"open","ping_status":"closed","template":"","meta":[],"product_brand":[],"product_cat":[36,52],"product_tag":[],"class_list":{"0":"post-2689","1":"product","2":"type-product","3":"status-publish","4":"has-post-thumbnail","6":"product_cat-linha-profissional","7":"product_cat-limpeza-e-manutencao-geral","9":"first","10":"instock","11":"shipping-taxable","12":"purchasable","13":"product-type-variable"},"_links":{"self":[{"href":"https:\/\/qualiquimica.com\/en\/wp-json\/wp\/v2\/product\/2689"}],"collection":[{"href":"https:\/\/qualiquimica.com\/en\/wp-json\/wp\/v2\/product"}],"about":[{"href":"https:\/\/qualiquimica.com\/en\/wp-json\/wp\/v2\/types\/product"}],"replies":[{"embeddable":true,"href":"https:\/\/qualiquimica.com\/en\/wp-json\/wp\/v2\/comments?post=2689"}],"wp:featuredmedia":[{"embeddable":true,"href":"https:\/\/qualiquimica.com\/en\/wp-json\/wp\/v2\/media\/3535"}],"wp:attachment":[{"href":"https:\/\/qualiquimica.com\/en\/wp-json\/wp\/v2\/media?parent=2689"}],"wp:term":[{"taxonomy":"product_brand","embeddable":true,"href":"https:\/\/qualiquimica.com\/en\/wp-json\/wp\/v2\/product_brand?post=2689"},{"taxonomy":"product_cat","embeddable":true,"href":"https:\/\/qualiquimica.com\/en\/wp-json\/wp\/v2\/product_cat?post=2689"},{"taxonomy":"product_tag","embeddable":true,"href":"https:\/\/qualiquimica.com\/en\/wp-json\/wp\/v2\/product_tag?post=2689"}],"curies":[{"name":"wp","href":"https:\/\/api.w.org\/{rel}","templated":true}]}}