{"id":2690,"date":"2022-03-31T19:57:07","date_gmt":"2022-03-31T19:57:07","guid":{"rendered":"https:\/\/qualiquimica.com\/produto\/limpa-moveis-anti-estatico-c-pulverizador\/"},"modified":"2022-10-19T23:51:52","modified_gmt":"2022-10-19T23:51:52","slug":"limpa-moveis-protecao-total-antiestatico-2","status":"publish","type":"product","link":"https:\/\/qualiquimica.com\/en\/product\/limpa-moveis-protecao-total-antiestatico-2\/","title":{"rendered":"Limpa M\u00f3veis Prote\u00e7\u00e3o Total Antiest\u00e1tico"},"content":{"rendered":"","protected":false},"excerpt":{"rendered":"<p>Produto especialmente formulado para limpar e proteger madeiras envernizadas, lacadas, m\u00f3veis e antiguidades.\u00a0Deixa uma pel\u00edcula protetora com efeito anti\u00a0est\u00e1tico que permite uma limpeza mais duradoura, retardando a\u00a0acumula\u00e7\u00e3o de p\u00f3. Permite uma f\u00e1cil aplica\u00e7\u00e3o, possui uma secagem r\u00e1pida e uma elevada\u00a0capacidade de remo\u00e7\u00e3o de manchas, p\u00f3 e dedadas. Real\u00e7a o brilho natural das superf\u00edcies.<\/p>\n","protected":false},"featured_media":3641,"comment_status":"open","ping_status":"closed","template":"","meta":[],"product_brand":[],"product_cat":[36,52],"product_tag":[],"class_list":{"0":"post-2690","1":"product","2":"type-product","3":"status-publish","4":"has-post-thumbnail","6":"product_cat-linha-profissional","7":"product_cat-limpeza-e-manutencao-geral","9":"first","10":"instock","11":"shipping-taxable","12":"purchasable","13":"product-type-variable"},"_links":{"self":[{"href":"https:\/\/qualiquimica.com\/en\/wp-json\/wp\/v2\/product\/2690"}],"collection":[{"href":"https:\/\/qualiquimica.com\/en\/wp-json\/wp\/v2\/product"}],"about":[{"href":"https:\/\/qualiquimica.com\/en\/wp-json\/wp\/v2\/types\/product"}],"replies":[{"embeddable":true,"href":"https:\/\/qualiquimica.com\/en\/wp-json\/wp\/v2\/comments?post=2690"}],"wp:featuredmedia":[{"embeddable":true,"href":"https:\/\/qualiquimica.com\/en\/wp-json\/wp\/v2\/media\/3641"}],"wp:attachment":[{"href":"https:\/\/qualiquimica.com\/en\/wp-json\/wp\/v2\/media?parent=2690"}],"wp:term":[{"taxonomy":"product_brand","embeddable":true,"href":"https:\/\/qualiquimica.com\/en\/wp-json\/wp\/v2\/product_brand?post=2690"},{"taxonomy":"product_cat","embeddable":true,"href":"https:\/\/qualiquimica.com\/en\/wp-json\/wp\/v2\/product_cat?post=2690"},{"taxonomy":"product_tag","embeddable":true,"href":"https:\/\/qualiquimica.com\/en\/wp-json\/wp\/v2\/product_tag?post=2690"}],"curies":[{"name":"wp","href":"https:\/\/api.w.org\/{rel}","templated":true}]}}