{"id":2693,"date":"2022-03-31T19:57:07","date_gmt":"2022-03-31T19:57:07","guid":{"rendered":"https:\/\/qualiquimica.com\/produto\/ambientador-limao\/"},"modified":"2023-02-25T17:43:06","modified_gmt":"2023-02-25T17:43:06","slug":"ambientador-limao","status":"publish","type":"product","link":"https:\/\/qualiquimica.com\/en\/product\/ambientador-limao\/","title":{"rendered":"Ambientador Lim\u00e3o"},"content":{"rendered":"","protected":false},"excerpt":{"rendered":"<p>Ambientador concentrado com agrad\u00e1vel frag\u00e2ncia\u00a0a Lim\u00e3o,\u00a0com boa perman\u00eancia de cheiro. Perfuma e desodoriza. Indicado para uso em hot\u00e9is, restaurantes, escolas, quartos, f\u00e1bricas, condom\u00ednios, casas de banho, entre muitos outros.<\/p>\n","protected":false},"featured_media":1609,"comment_status":"open","ping_status":"closed","template":"","meta":[],"product_brand":[],"product_cat":[36,52],"product_tag":[],"class_list":{"0":"post-2693","1":"product","2":"type-product","3":"status-publish","4":"has-post-thumbnail","6":"product_cat-linha-profissional","7":"product_cat-limpeza-e-manutencao-geral","9":"first","10":"instock","11":"shipping-taxable","12":"purchasable","13":"product-type-variable"},"_links":{"self":[{"href":"https:\/\/qualiquimica.com\/en\/wp-json\/wp\/v2\/product\/2693"}],"collection":[{"href":"https:\/\/qualiquimica.com\/en\/wp-json\/wp\/v2\/product"}],"about":[{"href":"https:\/\/qualiquimica.com\/en\/wp-json\/wp\/v2\/types\/product"}],"replies":[{"embeddable":true,"href":"https:\/\/qualiquimica.com\/en\/wp-json\/wp\/v2\/comments?post=2693"}],"wp:featuredmedia":[{"embeddable":true,"href":"https:\/\/qualiquimica.com\/en\/wp-json\/wp\/v2\/media\/1609"}],"wp:attachment":[{"href":"https:\/\/qualiquimica.com\/en\/wp-json\/wp\/v2\/media?parent=2693"}],"wp:term":[{"taxonomy":"product_brand","embeddable":true,"href":"https:\/\/qualiquimica.com\/en\/wp-json\/wp\/v2\/product_brand?post=2693"},{"taxonomy":"product_cat","embeddable":true,"href":"https:\/\/qualiquimica.com\/en\/wp-json\/wp\/v2\/product_cat?post=2693"},{"taxonomy":"product_tag","embeddable":true,"href":"https:\/\/qualiquimica.com\/en\/wp-json\/wp\/v2\/product_tag?post=2693"}],"curies":[{"name":"wp","href":"https:\/\/api.w.org\/{rel}","templated":true}]}}