{"id":2695,"date":"2022-03-31T19:57:08","date_gmt":"2022-03-31T19:57:08","guid":{"rendered":"https:\/\/qualiquimica.com\/produto\/tg-80-tira-gorduras\/"},"modified":"2022-10-19T23:51:52","modified_gmt":"2022-10-19T23:51:52","slug":"tg-80-tira-gorduras","status":"publish","type":"product","link":"https:\/\/qualiquimica.com\/en\/product\/tg-80-tira-gorduras\/","title":{"rendered":"TG 80 \u2013 Tira Gorduras"},"content":{"rendered":"","protected":false},"excerpt":{"rendered":"<p>Potente desengordurante\u00a0para uso em cozinhas no desengorduramento de\u00a0cozinhas,\u00a0fog\u00f5es, grelhas, extratores, bancadas, etc.\u00a0A sua formula\u00e7\u00e3o de\u00a0alta efici\u00eancia\u00a0permite o uso do produto em outras aplica\u00e7\u00f5es,\u00a0nomeadamente na limpeza de jantes e outros processos de desengorduramento.\u00a0Possui\u00a0elevado poder de remo\u00e7\u00e3o de sujidade e emuls\u00e3o de gorduras.<\/p>\n","protected":false},"featured_media":2436,"comment_status":"open","ping_status":"closed","template":"","meta":[],"product_brand":[],"product_cat":[36,52],"product_tag":[],"class_list":{"0":"post-2695","1":"product","2":"type-product","3":"status-publish","4":"has-post-thumbnail","6":"product_cat-linha-profissional","7":"product_cat-limpeza-e-manutencao-geral","9":"first","10":"instock","11":"shipping-taxable","12":"purchasable","13":"product-type-variable"},"_links":{"self":[{"href":"https:\/\/qualiquimica.com\/en\/wp-json\/wp\/v2\/product\/2695"}],"collection":[{"href":"https:\/\/qualiquimica.com\/en\/wp-json\/wp\/v2\/product"}],"about":[{"href":"https:\/\/qualiquimica.com\/en\/wp-json\/wp\/v2\/types\/product"}],"replies":[{"embeddable":true,"href":"https:\/\/qualiquimica.com\/en\/wp-json\/wp\/v2\/comments?post=2695"}],"wp:featuredmedia":[{"embeddable":true,"href":"https:\/\/qualiquimica.com\/en\/wp-json\/wp\/v2\/media\/2436"}],"wp:attachment":[{"href":"https:\/\/qualiquimica.com\/en\/wp-json\/wp\/v2\/media?parent=2695"}],"wp:term":[{"taxonomy":"product_brand","embeddable":true,"href":"https:\/\/qualiquimica.com\/en\/wp-json\/wp\/v2\/product_brand?post=2695"},{"taxonomy":"product_cat","embeddable":true,"href":"https:\/\/qualiquimica.com\/en\/wp-json\/wp\/v2\/product_cat?post=2695"},{"taxonomy":"product_tag","embeddable":true,"href":"https:\/\/qualiquimica.com\/en\/wp-json\/wp\/v2\/product_tag?post=2695"}],"curies":[{"name":"wp","href":"https:\/\/api.w.org\/{rel}","templated":true}]}}