{"id":2698,"date":"2022-03-31T19:57:08","date_gmt":"2022-03-31T19:57:08","guid":{"rendered":"https:\/\/qualiquimica.com\/produto\/qualicer-cera-acrilica-universal\/"},"modified":"2022-10-19T23:51:52","modified_gmt":"2022-10-19T23:51:52","slug":"qualicer-cera-acrilica-universal","status":"publish","type":"product","link":"https:\/\/qualiquimica.com\/en\/product\/qualicer-cera-acrilica-universal\/","title":{"rendered":"Qualicer \u2013 Cera Acr\u00edlica Universal"},"content":{"rendered":"","protected":false},"excerpt":{"rendered":"<p>Cera\u00a0de qualidade para aplica\u00e7\u00e3o em pavimentos cer\u00e2micos, madeira, vin\u00edlicos, lin\u00f3leos, entre outros. O\u00a0Qualicer\u00a0permite uma elevada versatilidade, dado que\u00a0pode ser aplicado em v\u00e1rios tipos de pavimentos, sendo de f\u00e1cil aplica\u00e7\u00e3o.\u00a0Garante um acabamento resistente, acetinado e duradouro.<\/p>\n","protected":false},"featured_media":2062,"comment_status":"open","ping_status":"closed","template":"","meta":[],"product_brand":[],"product_cat":[36,52],"product_tag":[],"class_list":{"0":"post-2698","1":"product","2":"type-product","3":"status-publish","4":"has-post-thumbnail","6":"product_cat-linha-profissional","7":"product_cat-limpeza-e-manutencao-geral","9":"first","10":"instock","11":"shipping-taxable","12":"purchasable","13":"product-type-variable"},"_links":{"self":[{"href":"https:\/\/qualiquimica.com\/en\/wp-json\/wp\/v2\/product\/2698"}],"collection":[{"href":"https:\/\/qualiquimica.com\/en\/wp-json\/wp\/v2\/product"}],"about":[{"href":"https:\/\/qualiquimica.com\/en\/wp-json\/wp\/v2\/types\/product"}],"replies":[{"embeddable":true,"href":"https:\/\/qualiquimica.com\/en\/wp-json\/wp\/v2\/comments?post=2698"}],"wp:featuredmedia":[{"embeddable":true,"href":"https:\/\/qualiquimica.com\/en\/wp-json\/wp\/v2\/media\/2062"}],"wp:attachment":[{"href":"https:\/\/qualiquimica.com\/en\/wp-json\/wp\/v2\/media?parent=2698"}],"wp:term":[{"taxonomy":"product_brand","embeddable":true,"href":"https:\/\/qualiquimica.com\/en\/wp-json\/wp\/v2\/product_brand?post=2698"},{"taxonomy":"product_cat","embeddable":true,"href":"https:\/\/qualiquimica.com\/en\/wp-json\/wp\/v2\/product_cat?post=2698"},{"taxonomy":"product_tag","embeddable":true,"href":"https:\/\/qualiquimica.com\/en\/wp-json\/wp\/v2\/product_tag?post=2698"}],"curies":[{"name":"wp","href":"https:\/\/api.w.org\/{rel}","templated":true}]}}