{"id":2701,"date":"2022-03-31T19:57:08","date_gmt":"2022-03-31T19:57:08","guid":{"rendered":"https:\/\/qualiquimica.com\/produto\/qualicer-premium-cera-acrilica-qualidade-superior\/"},"modified":"2022-10-19T23:51:53","modified_gmt":"2022-10-19T23:51:53","slug":"qualicer-premium-cera-acrilica-qualidade-superior","status":"publish","type":"product","link":"https:\/\/qualiquimica.com\/en\/product\/qualicer-premium-cera-acrilica-qualidade-superior\/","title":{"rendered":"Qualicer Premium \u2013 Cera Acr\u00edlica Qualidade Superior"},"content":{"rendered":"","protected":false},"excerpt":{"rendered":"<p>Cera\u00a0acr\u00edlica universal de alta\u00a0qualidade\u00a0para aplica\u00e7\u00e3o em pavimentos\u00a0cer\u00e2micos,\u00a0madeira, vin\u00edlicos, lin\u00f3leos, entre outros.\u00a0O\u00a0Qualicer\u00a0permite uma elevada versatilidade, dado que\u00a0pode ser aplicado em\u00a0v\u00e1rios\u00a0tipos de pavimentos, sendo de f\u00e1cil aplica\u00e7\u00e3o.\u00a0Garante um acabamento resistente, acetinado e duradouro.<\/p>\n","protected":false},"featured_media":3619,"comment_status":"open","ping_status":"closed","template":"","meta":[],"product_brand":[],"product_cat":[36,52],"product_tag":[],"class_list":{"0":"post-2701","1":"product","2":"type-product","3":"status-publish","4":"has-post-thumbnail","6":"product_cat-linha-profissional","7":"product_cat-limpeza-e-manutencao-geral","9":"first","10":"instock","11":"shipping-taxable","12":"purchasable","13":"product-type-variable"},"_links":{"self":[{"href":"https:\/\/qualiquimica.com\/en\/wp-json\/wp\/v2\/product\/2701"}],"collection":[{"href":"https:\/\/qualiquimica.com\/en\/wp-json\/wp\/v2\/product"}],"about":[{"href":"https:\/\/qualiquimica.com\/en\/wp-json\/wp\/v2\/types\/product"}],"replies":[{"embeddable":true,"href":"https:\/\/qualiquimica.com\/en\/wp-json\/wp\/v2\/comments?post=2701"}],"wp:featuredmedia":[{"embeddable":true,"href":"https:\/\/qualiquimica.com\/en\/wp-json\/wp\/v2\/media\/3619"}],"wp:attachment":[{"href":"https:\/\/qualiquimica.com\/en\/wp-json\/wp\/v2\/media?parent=2701"}],"wp:term":[{"taxonomy":"product_brand","embeddable":true,"href":"https:\/\/qualiquimica.com\/en\/wp-json\/wp\/v2\/product_brand?post=2701"},{"taxonomy":"product_cat","embeddable":true,"href":"https:\/\/qualiquimica.com\/en\/wp-json\/wp\/v2\/product_cat?post=2701"},{"taxonomy":"product_tag","embeddable":true,"href":"https:\/\/qualiquimica.com\/en\/wp-json\/wp\/v2\/product_tag?post=2701"}],"curies":[{"name":"wp","href":"https:\/\/api.w.org\/{rel}","templated":true}]}}