{"id":2702,"date":"2022-03-31T19:57:08","date_gmt":"2022-03-31T19:57:08","guid":{"rendered":"https:\/\/qualiquimica.com\/produto\/lava-e-encera-perfumado\/"},"modified":"2022-10-19T23:51:53","modified_gmt":"2022-10-19T23:51:53","slug":"lava-e-encera-perfumado","status":"publish","type":"product","link":"https:\/\/qualiquimica.com\/en\/product\/lava-e-encera-perfumado\/","title":{"rendered":"Lava e Encera Perfumado"},"content":{"rendered":"","protected":false},"excerpt":{"rendered":"<p>Produto formulado para limpeza e manuten\u00e7\u00e3o de pavimentos encerados, de forma a garantir uma lavagem eficaz, removendo todo o tipo de sujidade e\u00a0deixando um ambiente limpo e perfumado.\u00a0Permite uma renova\u00e7\u00e3o da pel\u00edcula de cera.<\/p>\n","protected":false},"featured_media":2027,"comment_status":"open","ping_status":"closed","template":"","meta":[],"product_brand":[],"product_cat":[36,52],"product_tag":[],"class_list":{"0":"post-2702","1":"product","2":"type-product","3":"status-publish","4":"has-post-thumbnail","6":"product_cat-linha-profissional","7":"product_cat-limpeza-e-manutencao-geral","9":"first","10":"instock","11":"shipping-taxable","12":"purchasable","13":"product-type-variable"},"_links":{"self":[{"href":"https:\/\/qualiquimica.com\/en\/wp-json\/wp\/v2\/product\/2702"}],"collection":[{"href":"https:\/\/qualiquimica.com\/en\/wp-json\/wp\/v2\/product"}],"about":[{"href":"https:\/\/qualiquimica.com\/en\/wp-json\/wp\/v2\/types\/product"}],"replies":[{"embeddable":true,"href":"https:\/\/qualiquimica.com\/en\/wp-json\/wp\/v2\/comments?post=2702"}],"wp:featuredmedia":[{"embeddable":true,"href":"https:\/\/qualiquimica.com\/en\/wp-json\/wp\/v2\/media\/2027"}],"wp:attachment":[{"href":"https:\/\/qualiquimica.com\/en\/wp-json\/wp\/v2\/media?parent=2702"}],"wp:term":[{"taxonomy":"product_brand","embeddable":true,"href":"https:\/\/qualiquimica.com\/en\/wp-json\/wp\/v2\/product_brand?post=2702"},{"taxonomy":"product_cat","embeddable":true,"href":"https:\/\/qualiquimica.com\/en\/wp-json\/wp\/v2\/product_cat?post=2702"},{"taxonomy":"product_tag","embeddable":true,"href":"https:\/\/qualiquimica.com\/en\/wp-json\/wp\/v2\/product_tag?post=2702"}],"curies":[{"name":"wp","href":"https:\/\/api.w.org\/{rel}","templated":true}]}}