{"id":2705,"date":"2022-03-31T19:57:09","date_gmt":"2022-03-31T19:57:09","guid":{"rendered":"https:\/\/qualiquimica.com\/produto\/alcool-lv\/"},"modified":"2022-10-19T23:51:53","modified_gmt":"2022-10-19T23:51:53","slug":"alcool-lv","status":"publish","type":"product","link":"https:\/\/qualiquimica.com\/en\/product\/alcool-lv\/","title":{"rendered":"\u00c1lcool LV"},"content":{"rendered":"","protected":false},"excerpt":{"rendered":"<p>Solu\u00e7\u00e3o alco\u00f3lica antiss\u00e9ptica l\u00edquida para higieniza\u00e7\u00e3o das m\u00e3os com 70% de \u00e1lcool (V\/V). Eficaz num largo espectro de bact\u00e9rias, v\u00edrus e fungos. F\u00f3rmula de muito baixa viscosidade, ideal para aplica\u00e7\u00e3o por pulveriza\u00e7\u00e3o, podendo, igualmente, ser doseado atrav\u00e9s de bomba doseadora.\u00a0Caracteriza-se pela evapora\u00e7\u00e3o e secagem r\u00e1pida sem necessidade de enxaguar. Isento de corantes e perfumes.\u00a0<\/p>\n","protected":false},"featured_media":2417,"comment_status":"open","ping_status":"closed","template":"","meta":[],"product_brand":[],"product_cat":[36,47],"product_tag":[],"class_list":{"0":"post-2705","1":"product","2":"type-product","3":"status-publish","4":"has-post-thumbnail","6":"product_cat-linha-profissional","7":"product_cat-desinfetantes","9":"first","10":"instock","11":"shipping-taxable","12":"purchasable","13":"product-type-variable"},"_links":{"self":[{"href":"https:\/\/qualiquimica.com\/en\/wp-json\/wp\/v2\/product\/2705"}],"collection":[{"href":"https:\/\/qualiquimica.com\/en\/wp-json\/wp\/v2\/product"}],"about":[{"href":"https:\/\/qualiquimica.com\/en\/wp-json\/wp\/v2\/types\/product"}],"replies":[{"embeddable":true,"href":"https:\/\/qualiquimica.com\/en\/wp-json\/wp\/v2\/comments?post=2705"}],"wp:featuredmedia":[{"embeddable":true,"href":"https:\/\/qualiquimica.com\/en\/wp-json\/wp\/v2\/media\/2417"}],"wp:attachment":[{"href":"https:\/\/qualiquimica.com\/en\/wp-json\/wp\/v2\/media?parent=2705"}],"wp:term":[{"taxonomy":"product_brand","embeddable":true,"href":"https:\/\/qualiquimica.com\/en\/wp-json\/wp\/v2\/product_brand?post=2705"},{"taxonomy":"product_cat","embeddable":true,"href":"https:\/\/qualiquimica.com\/en\/wp-json\/wp\/v2\/product_cat?post=2705"},{"taxonomy":"product_tag","embeddable":true,"href":"https:\/\/qualiquimica.com\/en\/wp-json\/wp\/v2\/product_tag?post=2705"}],"curies":[{"name":"wp","href":"https:\/\/api.w.org\/{rel}","templated":true}]}}