{"id":2708,"date":"2022-03-31T19:57:09","date_gmt":"2022-03-31T19:57:09","guid":{"rendered":"https:\/\/qualiquimica.com\/produto\/qualigerm-blue-detergente-higienizante-perfumado\/"},"modified":"2022-10-19T23:51:53","modified_gmt":"2022-10-19T23:51:53","slug":"qualigerm-blue-detergente-higienizante-perfumado","status":"publish","type":"product","link":"https:\/\/qualiquimica.com\/en\/product\/qualigerm-blue-detergente-higienizante-perfumado\/","title":{"rendered":"Qualigerm Blue \u2013 Detergente Higienizante Perfumado"},"content":{"rendered":"","protected":false},"excerpt":{"rendered":"<p>Detergente l\u00edquido perfumado concentrado com efeito desinfetante e bactericida \u00e0 base de quatern\u00e1rios de am\u00f3nio. Ideal para limpeza e desinfe\u00e7\u00e3o de bancas, pavimentos e utens\u00edlios em cozinhas, restaurantes, hot\u00e9is, institui\u00e7\u00f5es, gin\u00e1sios etc. O produto tamb\u00e9m est\u00e1 apto para limpeza e desinfe\u00e7\u00e3o de loi\u00e7as, pavimentos de WC e para limpeza da via p\u00fablica. N\u00e3o cont\u00e9m lix\u00edvia, nem perfumes. O QualiGerm Blue apresenta elevada efici\u00eancia contra uma gama alargada de bact\u00e9rias, leveduras, fungos, algas e v\u00edrus, bem como formula\u00e7\u00e3o apropriada para sistemas HACCP.<\/p>\n","protected":false},"featured_media":1954,"comment_status":"open","ping_status":"closed","template":"","meta":[],"product_brand":[],"product_cat":[36,47],"product_tag":[],"class_list":{"0":"post-2708","1":"product","2":"type-product","3":"status-publish","4":"has-post-thumbnail","6":"product_cat-linha-profissional","7":"product_cat-desinfetantes","9":"first","10":"instock","11":"shipping-taxable","12":"purchasable","13":"product-type-variable"},"_links":{"self":[{"href":"https:\/\/qualiquimica.com\/en\/wp-json\/wp\/v2\/product\/2708"}],"collection":[{"href":"https:\/\/qualiquimica.com\/en\/wp-json\/wp\/v2\/product"}],"about":[{"href":"https:\/\/qualiquimica.com\/en\/wp-json\/wp\/v2\/types\/product"}],"replies":[{"embeddable":true,"href":"https:\/\/qualiquimica.com\/en\/wp-json\/wp\/v2\/comments?post=2708"}],"wp:featuredmedia":[{"embeddable":true,"href":"https:\/\/qualiquimica.com\/en\/wp-json\/wp\/v2\/media\/1954"}],"wp:attachment":[{"href":"https:\/\/qualiquimica.com\/en\/wp-json\/wp\/v2\/media?parent=2708"}],"wp:term":[{"taxonomy":"product_brand","embeddable":true,"href":"https:\/\/qualiquimica.com\/en\/wp-json\/wp\/v2\/product_brand?post=2708"},{"taxonomy":"product_cat","embeddable":true,"href":"https:\/\/qualiquimica.com\/en\/wp-json\/wp\/v2\/product_cat?post=2708"},{"taxonomy":"product_tag","embeddable":true,"href":"https:\/\/qualiquimica.com\/en\/wp-json\/wp\/v2\/product_tag?post=2708"}],"curies":[{"name":"wp","href":"https:\/\/api.w.org\/{rel}","templated":true}]}}