{"id":2710,"date":"2022-03-31T19:57:09","date_gmt":"2022-03-31T19:57:09","guid":{"rendered":"https:\/\/qualiquimica.com\/produto\/multigerm-super\/"},"modified":"2022-10-19T23:51:53","modified_gmt":"2022-10-19T23:51:53","slug":"multigerm-super","status":"publish","type":"product","link":"https:\/\/qualiquimica.com\/en\/product\/multigerm-super\/","title":{"rendered":"Multigerm Super"},"content":{"rendered":"","protected":false},"excerpt":{"rendered":"<p>Detergente desinfetante \u00e0 base de quatern\u00e1rios de am\u00f3nio e \u00e1lcool, de secagem extra r\u00e1pida e de elevada efici\u00eancia na\u00a0desinfe\u00e7\u00e3o em bancas, mesas, m\u00f3veis, portas, ma\u00e7anetas, vidros, pl\u00e1sticos, equipamentos, eletrodom\u00e9sticos e outras superf\u00edcies. Pode ser utilizado\u00a0em hospitais, restaurantes, centros comerciais, hot\u00e9is, lares, gin\u00e1sios, etc. O produto tamb\u00e9m est\u00e1\u00a0apto para limpeza e desinfe\u00e7\u00e3o de casas de banho. N\u00e3o cont\u00e9m lix\u00edvia, nem perfumes e corantes.\u00a0O\u00a0Multigerm\u00a0Super\u00a0apresenta elevada efici\u00eancia contra uma gama alargada de bact\u00e9rias, leveduras, fungos, algas e v\u00edrus.<\/p>\n","protected":false},"featured_media":3515,"comment_status":"open","ping_status":"closed","template":"","meta":[],"product_brand":[],"product_cat":[36,47],"product_tag":[],"class_list":{"0":"post-2710","1":"product","2":"type-product","3":"status-publish","4":"has-post-thumbnail","6":"product_cat-linha-profissional","7":"product_cat-desinfetantes","9":"first","10":"instock","11":"shipping-taxable","12":"purchasable","13":"product-type-variable"},"_links":{"self":[{"href":"https:\/\/qualiquimica.com\/en\/wp-json\/wp\/v2\/product\/2710"}],"collection":[{"href":"https:\/\/qualiquimica.com\/en\/wp-json\/wp\/v2\/product"}],"about":[{"href":"https:\/\/qualiquimica.com\/en\/wp-json\/wp\/v2\/types\/product"}],"replies":[{"embeddable":true,"href":"https:\/\/qualiquimica.com\/en\/wp-json\/wp\/v2\/comments?post=2710"}],"wp:featuredmedia":[{"embeddable":true,"href":"https:\/\/qualiquimica.com\/en\/wp-json\/wp\/v2\/media\/3515"}],"wp:attachment":[{"href":"https:\/\/qualiquimica.com\/en\/wp-json\/wp\/v2\/media?parent=2710"}],"wp:term":[{"taxonomy":"product_brand","embeddable":true,"href":"https:\/\/qualiquimica.com\/en\/wp-json\/wp\/v2\/product_brand?post=2710"},{"taxonomy":"product_cat","embeddable":true,"href":"https:\/\/qualiquimica.com\/en\/wp-json\/wp\/v2\/product_cat?post=2710"},{"taxonomy":"product_tag","embeddable":true,"href":"https:\/\/qualiquimica.com\/en\/wp-json\/wp\/v2\/product_tag?post=2710"}],"curies":[{"name":"wp","href":"https:\/\/api.w.org\/{rel}","templated":true}]}}