{"id":2711,"date":"2022-03-31T19:57:10","date_gmt":"2022-03-31T19:57:10","guid":{"rendered":"https:\/\/qualiquimica.com\/produto\/desinfetante-auto\/"},"modified":"2022-10-19T23:51:53","modified_gmt":"2022-10-19T23:51:53","slug":"desinfetante-auto","status":"publish","type":"product","link":"https:\/\/qualiquimica.com\/en\/product\/desinfetante-auto\/","title":{"rendered":"Desinfetante Auto"},"content":{"rendered":"","protected":false},"excerpt":{"rendered":"<p>Detergente desinfetante de secagem r\u00e1pida \u00e0 base de quatern\u00e1rios de am\u00f3nio e \u00e1lcool,\u00a0de elevada efici\u00eancia na desinfe\u00e7\u00e3o de interiores de viaturas, nomeadamente tabliers, volantes, puxadores de portas, ecr\u00e3s t\u00e1teis, alavancas de caixas de velocidades e de trav\u00e3o de m\u00e3o, vidros, estofos, tapetes, pl\u00e1sticos, entre outros.\u00a0N\u00e3o apresenta agressividade para as superf\u00edcies, sendo compat\u00edvel com todos os materiais resistentes\u00a0\u00e0 \u00e1gua.\u00a0O Desinfetante\u00a0Auto\u00a0apresenta elevada efici\u00eancia contra uma gama alargada de bact\u00e9rias, leveduras, fungos, algas e v\u00edrus.<\/p>\n","protected":false},"featured_media":1876,"comment_status":"open","ping_status":"closed","template":"","meta":[],"product_brand":[],"product_cat":[36,47],"product_tag":[],"class_list":{"0":"post-2711","1":"product","2":"type-product","3":"status-publish","4":"has-post-thumbnail","6":"product_cat-linha-profissional","7":"product_cat-desinfetantes","9":"first","10":"instock","11":"shipping-taxable","12":"purchasable","13":"product-type-variable"},"_links":{"self":[{"href":"https:\/\/qualiquimica.com\/en\/wp-json\/wp\/v2\/product\/2711"}],"collection":[{"href":"https:\/\/qualiquimica.com\/en\/wp-json\/wp\/v2\/product"}],"about":[{"href":"https:\/\/qualiquimica.com\/en\/wp-json\/wp\/v2\/types\/product"}],"replies":[{"embeddable":true,"href":"https:\/\/qualiquimica.com\/en\/wp-json\/wp\/v2\/comments?post=2711"}],"wp:featuredmedia":[{"embeddable":true,"href":"https:\/\/qualiquimica.com\/en\/wp-json\/wp\/v2\/media\/1876"}],"wp:attachment":[{"href":"https:\/\/qualiquimica.com\/en\/wp-json\/wp\/v2\/media?parent=2711"}],"wp:term":[{"taxonomy":"product_brand","embeddable":true,"href":"https:\/\/qualiquimica.com\/en\/wp-json\/wp\/v2\/product_brand?post=2711"},{"taxonomy":"product_cat","embeddable":true,"href":"https:\/\/qualiquimica.com\/en\/wp-json\/wp\/v2\/product_cat?post=2711"},{"taxonomy":"product_tag","embeddable":true,"href":"https:\/\/qualiquimica.com\/en\/wp-json\/wp\/v2\/product_tag?post=2711"}],"curies":[{"name":"wp","href":"https:\/\/api.w.org\/{rel}","templated":true}]}}