{"id":2712,"date":"2022-03-31T19:57:10","date_gmt":"2022-03-31T19:57:10","guid":{"rendered":"https:\/\/qualiquimica.com\/produto\/wc-bac-perfumado\/"},"modified":"2022-10-19T23:51:53","modified_gmt":"2022-10-19T23:51:53","slug":"wc-bac-perfumado","status":"publish","type":"product","link":"https:\/\/qualiquimica.com\/en\/product\/wc-bac-perfumado\/","title":{"rendered":"WC BAC Perfumado"},"content":{"rendered":"","protected":false},"excerpt":{"rendered":"<p>Detergente l\u00edquido perfumado com efeito desinfetante \u00e0 base de quatern\u00e1rios de am\u00f3nio. Ideal para limpeza e desinfe\u00e7\u00e3o de loi\u00e7as e pavimentos de WC, cozinhas, etc. Limpa, desinfeta, perfuma e atua na elimina\u00e7\u00e3o do calc\u00e1rio.\u00a0N\u00e3o cont\u00e9m lix\u00edvia. O WC BAC Perfumado apresenta elevada efici\u00eancia contra uma gama alargada de bact\u00e9rias, leveduras, fungos, algas e v\u00edrus.<\/p>\n","protected":false},"featured_media":1978,"comment_status":"open","ping_status":"closed","template":"","meta":[],"product_brand":[],"product_cat":[36,47],"product_tag":[],"class_list":{"0":"post-2712","1":"product","2":"type-product","3":"status-publish","4":"has-post-thumbnail","6":"product_cat-linha-profissional","7":"product_cat-desinfetantes","9":"first","10":"instock","11":"shipping-taxable","12":"purchasable","13":"product-type-variable"},"_links":{"self":[{"href":"https:\/\/qualiquimica.com\/en\/wp-json\/wp\/v2\/product\/2712"}],"collection":[{"href":"https:\/\/qualiquimica.com\/en\/wp-json\/wp\/v2\/product"}],"about":[{"href":"https:\/\/qualiquimica.com\/en\/wp-json\/wp\/v2\/types\/product"}],"replies":[{"embeddable":true,"href":"https:\/\/qualiquimica.com\/en\/wp-json\/wp\/v2\/comments?post=2712"}],"wp:featuredmedia":[{"embeddable":true,"href":"https:\/\/qualiquimica.com\/en\/wp-json\/wp\/v2\/media\/1978"}],"wp:attachment":[{"href":"https:\/\/qualiquimica.com\/en\/wp-json\/wp\/v2\/media?parent=2712"}],"wp:term":[{"taxonomy":"product_brand","embeddable":true,"href":"https:\/\/qualiquimica.com\/en\/wp-json\/wp\/v2\/product_brand?post=2712"},{"taxonomy":"product_cat","embeddable":true,"href":"https:\/\/qualiquimica.com\/en\/wp-json\/wp\/v2\/product_cat?post=2712"},{"taxonomy":"product_tag","embeddable":true,"href":"https:\/\/qualiquimica.com\/en\/wp-json\/wp\/v2\/product_tag?post=2712"}],"curies":[{"name":"wp","href":"https:\/\/api.w.org\/{rel}","templated":true}]}}