{"id":2713,"date":"2022-03-31T19:57:10","date_gmt":"2022-03-31T19:57:10","guid":{"rendered":"https:\/\/qualiquimica.com\/produto\/germecol\/"},"modified":"2022-10-19T23:51:53","modified_gmt":"2022-10-19T23:51:53","slug":"germecol","status":"publish","type":"product","link":"https:\/\/qualiquimica.com\/en\/product\/germecol\/","title":{"rendered":"Germecol"},"content":{"rendered":"","protected":false},"excerpt":{"rendered":"<p>Desinfetante \u00e0 base de 70% de \u00e1lcool (V\/V) e quatern\u00e1rios de am\u00f3nio, de secagem\u00a0super\u00a0r\u00e1pida e de elevada efici\u00eancia na desinfe\u00e7\u00e3o e limpeza em bancas, mesas, m\u00f3veis, portas, ma\u00e7anetas, vidros, pl\u00e1sticos, equipamentos, eletrodom\u00e9sticos, superf\u00edcies em inox, equipamentos inform\u00e1ticos, entre outros. Pode ser utilizado em restaurantes, centros comerciais, hot\u00e9is, lares, escolas, gin\u00e1sios, lares, etc. O produto tamb\u00e9m est\u00e1 apto para limpeza e desinfe\u00e7\u00e3o de casas de\u00a0banho.\u00a0O\u00a0Germecol\u00a0apresenta elevada efici\u00eancia contra uma gama alargada de bact\u00e9rias, leveduras, fungos e v\u00edrus.<\/p>\n","protected":false},"featured_media":2371,"comment_status":"open","ping_status":"closed","template":"","meta":[],"product_brand":[],"product_cat":[36,47],"product_tag":[],"class_list":{"0":"post-2713","1":"product","2":"type-product","3":"status-publish","4":"has-post-thumbnail","6":"product_cat-linha-profissional","7":"product_cat-desinfetantes","9":"first","10":"instock","11":"shipping-taxable","12":"purchasable","13":"product-type-variable"},"_links":{"self":[{"href":"https:\/\/qualiquimica.com\/en\/wp-json\/wp\/v2\/product\/2713"}],"collection":[{"href":"https:\/\/qualiquimica.com\/en\/wp-json\/wp\/v2\/product"}],"about":[{"href":"https:\/\/qualiquimica.com\/en\/wp-json\/wp\/v2\/types\/product"}],"replies":[{"embeddable":true,"href":"https:\/\/qualiquimica.com\/en\/wp-json\/wp\/v2\/comments?post=2713"}],"wp:featuredmedia":[{"embeddable":true,"href":"https:\/\/qualiquimica.com\/en\/wp-json\/wp\/v2\/media\/2371"}],"wp:attachment":[{"href":"https:\/\/qualiquimica.com\/en\/wp-json\/wp\/v2\/media?parent=2713"}],"wp:term":[{"taxonomy":"product_brand","embeddable":true,"href":"https:\/\/qualiquimica.com\/en\/wp-json\/wp\/v2\/product_brand?post=2713"},{"taxonomy":"product_cat","embeddable":true,"href":"https:\/\/qualiquimica.com\/en\/wp-json\/wp\/v2\/product_cat?post=2713"},{"taxonomy":"product_tag","embeddable":true,"href":"https:\/\/qualiquimica.com\/en\/wp-json\/wp\/v2\/product_tag?post=2713"}],"curies":[{"name":"wp","href":"https:\/\/api.w.org\/{rel}","templated":true}]}}