{"id":2714,"date":"2022-03-31T19:57:10","date_gmt":"2022-03-31T19:57:10","guid":{"rendered":"https:\/\/qualiquimica.com\/produto\/rc-totalcid-desinfetante-de-utensilios\/"},"modified":"2022-10-19T23:51:53","modified_gmt":"2022-10-19T23:51:53","slug":"rc-totalcid-desinfetante-de-utensilios","status":"publish","type":"product","link":"https:\/\/qualiquimica.com\/en\/product\/rc-totalcid-desinfetante-de-utensilios\/","title":{"rendered":"RC TotalCid (Desinfetante de Utens\u00edlios)"},"content":{"rendered":"","protected":false},"excerpt":{"rendered":"<p>Detergente desinfetante \u00e0 base de quatern\u00e1rios de am\u00f3nio para desinfe\u00e7\u00e3o de utens\u00edlios resistentes \u00e0\u00a0\u00e1gua\u00a0por imers\u00e3o.\u00a0Apto para a desinfe\u00e7\u00e3o de superf\u00edcies em a\u00e7o inoxid\u00e1vel, acr\u00edlicos pl\u00e1sticos, pentes, escovas, tesouras, instrumentos de manicure, entre outros.\u00a0Para as dilui\u00e7\u00f5es recomendadas, o RC\u00a0TotalCid\u00a0apresenta elevada efici\u00eancia contra uma gama alargada de bact\u00e9rias, leveduras, fungos, algas e v\u00edrus.<\/p>\n","protected":false},"featured_media":3401,"comment_status":"open","ping_status":"closed","template":"","meta":[],"product_brand":[],"product_cat":[36,47],"product_tag":[],"class_list":{"0":"post-2714","1":"product","2":"type-product","3":"status-publish","4":"has-post-thumbnail","6":"product_cat-linha-profissional","7":"product_cat-desinfetantes","9":"first","10":"instock","11":"shipping-taxable","12":"purchasable","13":"product-type-variable"},"_links":{"self":[{"href":"https:\/\/qualiquimica.com\/en\/wp-json\/wp\/v2\/product\/2714"}],"collection":[{"href":"https:\/\/qualiquimica.com\/en\/wp-json\/wp\/v2\/product"}],"about":[{"href":"https:\/\/qualiquimica.com\/en\/wp-json\/wp\/v2\/types\/product"}],"replies":[{"embeddable":true,"href":"https:\/\/qualiquimica.com\/en\/wp-json\/wp\/v2\/comments?post=2714"}],"wp:featuredmedia":[{"embeddable":true,"href":"https:\/\/qualiquimica.com\/en\/wp-json\/wp\/v2\/media\/3401"}],"wp:attachment":[{"href":"https:\/\/qualiquimica.com\/en\/wp-json\/wp\/v2\/media?parent=2714"}],"wp:term":[{"taxonomy":"product_brand","embeddable":true,"href":"https:\/\/qualiquimica.com\/en\/wp-json\/wp\/v2\/product_brand?post=2714"},{"taxonomy":"product_cat","embeddable":true,"href":"https:\/\/qualiquimica.com\/en\/wp-json\/wp\/v2\/product_cat?post=2714"},{"taxonomy":"product_tag","embeddable":true,"href":"https:\/\/qualiquimica.com\/en\/wp-json\/wp\/v2\/product_tag?post=2714"}],"curies":[{"name":"wp","href":"https:\/\/api.w.org\/{rel}","templated":true}]}}