{"id":2717,"date":"2022-03-31T19:57:11","date_gmt":"2022-03-31T19:57:11","guid":{"rendered":"https:\/\/qualiquimica.com\/produto\/desinfetante-textil-spray\/"},"modified":"2022-10-19T23:51:53","modified_gmt":"2022-10-19T23:51:53","slug":"desinfetante-textil-spray","status":"publish","type":"product","link":"https:\/\/qualiquimica.com\/en\/product\/desinfetante-textil-spray\/","title":{"rendered":"Desinfetante T\u00eaxtil Spray"},"content":{"rendered":"","protected":false},"excerpt":{"rendered":"<p>Detergente desinfetante de aplica\u00e7\u00e3o direta\u00a0com elevada\u00a0efici\u00eancia na desinfe\u00e7\u00e3o de\u00a0todo o tipo de roupa. Al\u00e9m do poder desinfetante, possui capacidade suavizante e uma fragr\u00e2ncia agrad\u00e1vel.\u00a0O Desinfetante T\u00eaxtil Spray apresenta elevada efici\u00eancia contra uma gama alargada de bact\u00e9rias, leveduras, fungos,\u00a0algas e v\u00edrus.\u00a0O produto apresenta pH neutro e n\u00e3o apresenta agressividade para as fibras, mantendo inalteradas as suas cores.<\/p>\n","protected":false},"featured_media":2298,"comment_status":"open","ping_status":"closed","template":"","meta":[],"product_brand":[],"product_cat":[36,47],"product_tag":[],"class_list":{"0":"post-2717","1":"product","2":"type-product","3":"status-publish","4":"has-post-thumbnail","6":"product_cat-linha-profissional","7":"product_cat-desinfetantes","9":"first","10":"instock","11":"shipping-taxable","12":"purchasable","13":"product-type-variable"},"_links":{"self":[{"href":"https:\/\/qualiquimica.com\/en\/wp-json\/wp\/v2\/product\/2717"}],"collection":[{"href":"https:\/\/qualiquimica.com\/en\/wp-json\/wp\/v2\/product"}],"about":[{"href":"https:\/\/qualiquimica.com\/en\/wp-json\/wp\/v2\/types\/product"}],"replies":[{"embeddable":true,"href":"https:\/\/qualiquimica.com\/en\/wp-json\/wp\/v2\/comments?post=2717"}],"wp:featuredmedia":[{"embeddable":true,"href":"https:\/\/qualiquimica.com\/en\/wp-json\/wp\/v2\/media\/2298"}],"wp:attachment":[{"href":"https:\/\/qualiquimica.com\/en\/wp-json\/wp\/v2\/media?parent=2717"}],"wp:term":[{"taxonomy":"product_brand","embeddable":true,"href":"https:\/\/qualiquimica.com\/en\/wp-json\/wp\/v2\/product_brand?post=2717"},{"taxonomy":"product_cat","embeddable":true,"href":"https:\/\/qualiquimica.com\/en\/wp-json\/wp\/v2\/product_cat?post=2717"},{"taxonomy":"product_tag","embeddable":true,"href":"https:\/\/qualiquimica.com\/en\/wp-json\/wp\/v2\/product_tag?post=2717"}],"curies":[{"name":"wp","href":"https:\/\/api.w.org\/{rel}","templated":true}]}}