{"id":2720,"date":"2022-03-31T19:57:14","date_gmt":"2022-03-31T19:57:14","guid":{"rendered":"https:\/\/qualiquimica.com\/produto\/higi-bac-blue-super-concentrado-c-autodoseador\/"},"modified":"2022-10-19T23:51:57","modified_gmt":"2022-10-19T23:51:57","slug":"higi-bac-blue-super-concentrado-c-autodoseador","status":"publish","type":"product","link":"https:\/\/qualiquimica.com\/en\/product\/higi-bac-blue-super-concentrado-c-autodoseador\/","title":{"rendered":"Higi Bac Blue (Super Concentrado c\/ Autodoseador)"},"content":{"rendered":"","protected":false},"excerpt":{"rendered":"<p>Detergente desinfetante l\u00edquido\u00a0super\u00a0concentrado e perfumado com efeito bactericida, germicida,\u00a0virucida\u00a0e fungicida \u00e0 base de quatern\u00e1rios de am\u00f3nio. Ideal para limpeza e desinfe\u00e7\u00e3o de todo o tipo de superf\u00edcies, nomeadamente de bancas, mesas, t\u00eaxteis, cal\u00e7ado, pavimentos, loi\u00e7as e outras superf\u00edcies em cozinhas, casas de banho, hospitais, lares, ind\u00fastria, com\u00e9rcio, entre outros. O produto tamb\u00e9m se encontra apto para limpeza da via p\u00fablica. Limpa e desinfeta a fundo. N\u00e3o cont\u00e9m lix\u00edvia. Devido \u00e0 sua alta concentra\u00e7\u00e3o deve ser d\u00edluido na maioria das aplica\u00e7\u00f5es a 2%, tornando-o um produto muito econ\u00f3mico.\u00a0Aplica\u00e7\u00e3o por pulveriza\u00e7\u00e3o, imers\u00e3o ou nebuliza\u00e7\u00e3o.<\/p>\n","protected":false},"featured_media":1479,"comment_status":"open","ping_status":"closed","template":"","meta":[],"product_brand":[],"product_cat":[36,47],"product_tag":[],"class_list":{"0":"post-2720","1":"product","2":"type-product","3":"status-publish","4":"has-post-thumbnail","6":"product_cat-linha-profissional","7":"product_cat-desinfetantes","9":"first","10":"instock","11":"shipping-taxable","12":"purchasable","13":"product-type-variable"},"_links":{"self":[{"href":"https:\/\/qualiquimica.com\/en\/wp-json\/wp\/v2\/product\/2720"}],"collection":[{"href":"https:\/\/qualiquimica.com\/en\/wp-json\/wp\/v2\/product"}],"about":[{"href":"https:\/\/qualiquimica.com\/en\/wp-json\/wp\/v2\/types\/product"}],"replies":[{"embeddable":true,"href":"https:\/\/qualiquimica.com\/en\/wp-json\/wp\/v2\/comments?post=2720"}],"wp:featuredmedia":[{"embeddable":true,"href":"https:\/\/qualiquimica.com\/en\/wp-json\/wp\/v2\/media\/1479"}],"wp:attachment":[{"href":"https:\/\/qualiquimica.com\/en\/wp-json\/wp\/v2\/media?parent=2720"}],"wp:term":[{"taxonomy":"product_brand","embeddable":true,"href":"https:\/\/qualiquimica.com\/en\/wp-json\/wp\/v2\/product_brand?post=2720"},{"taxonomy":"product_cat","embeddable":true,"href":"https:\/\/qualiquimica.com\/en\/wp-json\/wp\/v2\/product_cat?post=2720"},{"taxonomy":"product_tag","embeddable":true,"href":"https:\/\/qualiquimica.com\/en\/wp-json\/wp\/v2\/product_tag?post=2720"}],"curies":[{"name":"wp","href":"https:\/\/api.w.org\/{rel}","templated":true}]}}