{"id":2723,"date":"2022-03-31T19:57:14","date_gmt":"2022-03-31T19:57:14","guid":{"rendered":"https:\/\/qualiquimica.com\/produto\/lm-cl-lava-loica-maquina-clorado\/"},"modified":"2022-10-20T00:12:43","modified_gmt":"2022-10-20T00:12:43","slug":"lm-cl-lava-loica-maquina-clorado","status":"publish","type":"product","link":"https:\/\/qualiquimica.com\/en\/product\/lm-cl-lava-loica-maquina-clorado\/","title":{"rendered":"LM CL \u2013 Lava Loi\u00e7a M\u00e1quina Clorado"},"content":{"rendered":"","protected":false},"excerpt":{"rendered":"<p>Detergente l\u00edquido de base alcalina com cloro ativo indicado para lavagem de loi\u00e7as \u00e0 m\u00e1quina. Possui excelentes propriedades de limpeza e desinfe\u00e7\u00e3o da loi\u00e7a.\u00a0Gra\u00e7as \u00e0s suas propriedades desengordurantes e de remo\u00e7\u00e3o da sujidade, o LM CL &#8211; Lava Loi\u00e7a M\u00e1quina Clorado \u00e9 um produto de espuma controlada que remove e dissolve as manchas e as incrusta\u00e7\u00f5es de alimentos limpando a fundo os pratos, copos, talheres, panelas, etc. Para obter melhores resultados a n\u00edvel de brilho, secagem e de propriedades\u00a0anti\u00a0calc\u00e1rias\u00a0\u00e9 aconselh\u00e1vel complementar com o SA 80 \u2013 Secante Abrilhantador ou com o SA \u2013 90 Secante Abrilhantador\u00a0Super.<\/p>\n","protected":false},"featured_media":1741,"comment_status":"open","ping_status":"closed","template":"","meta":[],"product_brand":[],"product_cat":[36,50],"product_tag":[],"class_list":{"0":"post-2723","1":"product","2":"type-product","3":"status-publish","4":"has-post-thumbnail","6":"product_cat-linha-profissional","7":"product_cat-lava-loicas","9":"first","10":"instock","11":"shipping-taxable","12":"purchasable","13":"product-type-variable"},"_links":{"self":[{"href":"https:\/\/qualiquimica.com\/en\/wp-json\/wp\/v2\/product\/2723"}],"collection":[{"href":"https:\/\/qualiquimica.com\/en\/wp-json\/wp\/v2\/product"}],"about":[{"href":"https:\/\/qualiquimica.com\/en\/wp-json\/wp\/v2\/types\/product"}],"replies":[{"embeddable":true,"href":"https:\/\/qualiquimica.com\/en\/wp-json\/wp\/v2\/comments?post=2723"}],"wp:featuredmedia":[{"embeddable":true,"href":"https:\/\/qualiquimica.com\/en\/wp-json\/wp\/v2\/media\/1741"}],"wp:attachment":[{"href":"https:\/\/qualiquimica.com\/en\/wp-json\/wp\/v2\/media?parent=2723"}],"wp:term":[{"taxonomy":"product_brand","embeddable":true,"href":"https:\/\/qualiquimica.com\/en\/wp-json\/wp\/v2\/product_brand?post=2723"},{"taxonomy":"product_cat","embeddable":true,"href":"https:\/\/qualiquimica.com\/en\/wp-json\/wp\/v2\/product_cat?post=2723"},{"taxonomy":"product_tag","embeddable":true,"href":"https:\/\/qualiquimica.com\/en\/wp-json\/wp\/v2\/product_tag?post=2723"}],"curies":[{"name":"wp","href":"https:\/\/api.w.org\/{rel}","templated":true}]}}