{"id":2724,"date":"2022-03-31T19:57:14","date_gmt":"2022-03-31T19:57:14","guid":{"rendered":"https:\/\/qualiquimica.com\/produto\/lm-glass-especial-copos\/"},"modified":"2022-10-20T11:29:54","modified_gmt":"2022-10-20T11:29:54","slug":"lm-glass-especial-copos","status":"publish","type":"product","link":"https:\/\/qualiquimica.com\/en\/product\/lm-glass-especial-copos\/","title":{"rendered":"LM Glass \u2013 Especial Copos"},"content":{"rendered":"","protected":false},"excerpt":{"rendered":"<p>Detergente l\u00edquido de\u00a0baixa\u00a0alcalinidade\u00a0indicado para lavagem de loi\u00e7as \u00e0 m\u00e1quina, especialmente formulado para a lavagem de copos.\u00a0Gra\u00e7as \u00e0s suas propriedades desengordurantes e de remo\u00e7\u00e3o da sujidade, o LM\u00a0Glass\u00a0\u00e9 um produto de espuma controlada que remove e dissolve as manchas e as incrusta\u00e7\u00f5es de alimentos limpando a fundo os pratos, copos, talheres, panelas, etc. Para obter melhores resultados a n\u00edvel de brilho, secagem e de propriedades\u00a0anti\u00a0calc\u00e1rias\u00a0\u00e9 aconselh\u00e1vel complementar com o SA 80 \u2013 Secante Abrilhantador ou com o SA \u2013 90 Secante Abrilhantador\u00a0Super.<\/p>\n","protected":false},"featured_media":1315,"comment_status":"open","ping_status":"closed","template":"","meta":[],"product_brand":[],"product_cat":[36,50],"product_tag":[],"class_list":{"0":"post-2724","1":"product","2":"type-product","3":"status-publish","4":"has-post-thumbnail","6":"product_cat-linha-profissional","7":"product_cat-lava-loicas","9":"first","10":"instock","11":"shipping-taxable","12":"purchasable","13":"product-type-variable"},"_links":{"self":[{"href":"https:\/\/qualiquimica.com\/en\/wp-json\/wp\/v2\/product\/2724"}],"collection":[{"href":"https:\/\/qualiquimica.com\/en\/wp-json\/wp\/v2\/product"}],"about":[{"href":"https:\/\/qualiquimica.com\/en\/wp-json\/wp\/v2\/types\/product"}],"replies":[{"embeddable":true,"href":"https:\/\/qualiquimica.com\/en\/wp-json\/wp\/v2\/comments?post=2724"}],"wp:featuredmedia":[{"embeddable":true,"href":"https:\/\/qualiquimica.com\/en\/wp-json\/wp\/v2\/media\/1315"}],"wp:attachment":[{"href":"https:\/\/qualiquimica.com\/en\/wp-json\/wp\/v2\/media?parent=2724"}],"wp:term":[{"taxonomy":"product_brand","embeddable":true,"href":"https:\/\/qualiquimica.com\/en\/wp-json\/wp\/v2\/product_brand?post=2724"},{"taxonomy":"product_cat","embeddable":true,"href":"https:\/\/qualiquimica.com\/en\/wp-json\/wp\/v2\/product_cat?post=2724"},{"taxonomy":"product_tag","embeddable":true,"href":"https:\/\/qualiquimica.com\/en\/wp-json\/wp\/v2\/product_tag?post=2724"}],"curies":[{"name":"wp","href":"https:\/\/api.w.org\/{rel}","templated":true}]}}