{"id":2725,"date":"2022-03-31T19:57:14","date_gmt":"2022-03-31T19:57:14","guid":{"rendered":"https:\/\/qualiquimica.com\/produto\/sa-80-secante-e-abrilhantador-de-loica\/"},"modified":"2022-10-20T11:31:51","modified_gmt":"2022-10-20T11:31:51","slug":"sa-80-secante-e-abrilhantador-de-loica","status":"publish","type":"product","link":"https:\/\/qualiquimica.com\/en\/product\/sa-80-secante-e-abrilhantador-de-loica\/","title":{"rendered":"SA 80 \u2013 Secante e Abrilhantador de Loi\u00e7a"},"content":{"rendered":"","protected":false},"excerpt":{"rendered":"<p>Secante e abrilhantador para uso de m\u00e1quinas de lavar loi\u00e7a. Permite uma r\u00e1pida secagem sem deixar vest\u00edgios de manchas, abrilhanta a loi\u00e7a, efetua o controle de espuma na m\u00e1quina e previne o aparecimento de calc\u00e1rio.<\/p>\n","protected":false},"featured_media":1379,"comment_status":"open","ping_status":"closed","template":"","meta":[],"product_brand":[],"product_cat":[36,50],"product_tag":[],"class_list":{"0":"post-2725","1":"product","2":"type-product","3":"status-publish","4":"has-post-thumbnail","6":"product_cat-linha-profissional","7":"product_cat-lava-loicas","9":"first","10":"instock","11":"shipping-taxable","12":"purchasable","13":"product-type-variable"},"_links":{"self":[{"href":"https:\/\/qualiquimica.com\/en\/wp-json\/wp\/v2\/product\/2725"}],"collection":[{"href":"https:\/\/qualiquimica.com\/en\/wp-json\/wp\/v2\/product"}],"about":[{"href":"https:\/\/qualiquimica.com\/en\/wp-json\/wp\/v2\/types\/product"}],"replies":[{"embeddable":true,"href":"https:\/\/qualiquimica.com\/en\/wp-json\/wp\/v2\/comments?post=2725"}],"wp:featuredmedia":[{"embeddable":true,"href":"https:\/\/qualiquimica.com\/en\/wp-json\/wp\/v2\/media\/1379"}],"wp:attachment":[{"href":"https:\/\/qualiquimica.com\/en\/wp-json\/wp\/v2\/media?parent=2725"}],"wp:term":[{"taxonomy":"product_brand","embeddable":true,"href":"https:\/\/qualiquimica.com\/en\/wp-json\/wp\/v2\/product_brand?post=2725"},{"taxonomy":"product_cat","embeddable":true,"href":"https:\/\/qualiquimica.com\/en\/wp-json\/wp\/v2\/product_cat?post=2725"},{"taxonomy":"product_tag","embeddable":true,"href":"https:\/\/qualiquimica.com\/en\/wp-json\/wp\/v2\/product_tag?post=2725"}],"curies":[{"name":"wp","href":"https:\/\/api.w.org\/{rel}","templated":true}]}}