{"id":2726,"date":"2022-03-31T19:57:14","date_gmt":"2022-03-31T19:57:14","guid":{"rendered":"https:\/\/qualiquimica.com\/produto\/sa-90-secante-e-abrilhantador-de-loica-super\/"},"modified":"2022-10-20T11:32:23","modified_gmt":"2022-10-20T11:32:23","slug":"sa-90-secante-e-abrilhantador-de-loica-super","status":"publish","type":"product","link":"https:\/\/qualiquimica.com\/en\/product\/sa-90-secante-e-abrilhantador-de-loica-super\/","title":{"rendered":"SA 90 \u2013 Secante e Abrilhantador de Loi\u00e7a Super"},"content":{"rendered":"","protected":false},"excerpt":{"rendered":"<p>Secante abrilhantador para uso de m\u00e1quinas de lavar loi\u00e7a\u00a0industriais, especialmente formulado\u00a0para \u00e1guas duras. Permite uma r\u00e1pida secagem sem deixar vest\u00edgios de manchas, efetua o controle de espuma na m\u00e1quina.<\/p>\n","protected":false},"featured_media":3623,"comment_status":"open","ping_status":"closed","template":"","meta":[],"product_brand":[],"product_cat":[36,50],"product_tag":[],"class_list":{"0":"post-2726","1":"product","2":"type-product","3":"status-publish","4":"has-post-thumbnail","6":"product_cat-linha-profissional","7":"product_cat-lava-loicas","9":"first","10":"instock","11":"shipping-taxable","12":"purchasable","13":"product-type-variable"},"_links":{"self":[{"href":"https:\/\/qualiquimica.com\/en\/wp-json\/wp\/v2\/product\/2726"}],"collection":[{"href":"https:\/\/qualiquimica.com\/en\/wp-json\/wp\/v2\/product"}],"about":[{"href":"https:\/\/qualiquimica.com\/en\/wp-json\/wp\/v2\/types\/product"}],"replies":[{"embeddable":true,"href":"https:\/\/qualiquimica.com\/en\/wp-json\/wp\/v2\/comments?post=2726"}],"wp:featuredmedia":[{"embeddable":true,"href":"https:\/\/qualiquimica.com\/en\/wp-json\/wp\/v2\/media\/3623"}],"wp:attachment":[{"href":"https:\/\/qualiquimica.com\/en\/wp-json\/wp\/v2\/media?parent=2726"}],"wp:term":[{"taxonomy":"product_brand","embeddable":true,"href":"https:\/\/qualiquimica.com\/en\/wp-json\/wp\/v2\/product_brand?post=2726"},{"taxonomy":"product_cat","embeddable":true,"href":"https:\/\/qualiquimica.com\/en\/wp-json\/wp\/v2\/product_cat?post=2726"},{"taxonomy":"product_tag","embeddable":true,"href":"https:\/\/qualiquimica.com\/en\/wp-json\/wp\/v2\/product_tag?post=2726"}],"curies":[{"name":"wp","href":"https:\/\/api.w.org\/{rel}","templated":true}]}}