{"id":2727,"date":"2022-03-31T19:57:14","date_gmt":"2022-03-31T19:57:14","guid":{"rendered":"https:\/\/qualiquimica.com\/produto\/remoclean-desincrustante-de-maquina-de-loica\/"},"modified":"2022-10-19T23:51:58","modified_gmt":"2022-10-19T23:51:58","slug":"remoclean-desincrustante-de-maquina-de-loica","status":"publish","type":"product","link":"https:\/\/qualiquimica.com\/en\/product\/remoclean-desincrustante-de-maquina-de-loica\/","title":{"rendered":"Remoclean \u2013 Desincrustante de M\u00e1quina de Loi\u00e7a"},"content":{"rendered":"","protected":false},"excerpt":{"rendered":"<p>L\u00edquido\u00a0super\u00a0concentrado para remo\u00e7\u00e3o de calc\u00e1rio depositado nas m\u00e1quinas de lavar loi\u00e7a, em sistemas de doseamento autom\u00e1tico e em m\u00e1quinas de caf\u00e9. Apto para o uso em restaura\u00e7\u00e3o e hotelaria.\u00a0Sol\u00favel em \u00e1gua, n\u00e3o ataca os metais, atua como desincrustante e desoxidante, excelente penetra\u00e7\u00e3o nas sujidades.<\/p>\n","protected":false},"featured_media":3399,"comment_status":"open","ping_status":"closed","template":"","meta":[],"product_brand":[],"product_cat":[36,50],"product_tag":[],"class_list":{"0":"post-2727","1":"product","2":"type-product","3":"status-publish","4":"has-post-thumbnail","6":"product_cat-linha-profissional","7":"product_cat-lava-loicas","9":"first","10":"instock","11":"shipping-taxable","12":"purchasable","13":"product-type-variable"},"_links":{"self":[{"href":"https:\/\/qualiquimica.com\/en\/wp-json\/wp\/v2\/product\/2727"}],"collection":[{"href":"https:\/\/qualiquimica.com\/en\/wp-json\/wp\/v2\/product"}],"about":[{"href":"https:\/\/qualiquimica.com\/en\/wp-json\/wp\/v2\/types\/product"}],"replies":[{"embeddable":true,"href":"https:\/\/qualiquimica.com\/en\/wp-json\/wp\/v2\/comments?post=2727"}],"wp:featuredmedia":[{"embeddable":true,"href":"https:\/\/qualiquimica.com\/en\/wp-json\/wp\/v2\/media\/3399"}],"wp:attachment":[{"href":"https:\/\/qualiquimica.com\/en\/wp-json\/wp\/v2\/media?parent=2727"}],"wp:term":[{"taxonomy":"product_brand","embeddable":true,"href":"https:\/\/qualiquimica.com\/en\/wp-json\/wp\/v2\/product_brand?post=2727"},{"taxonomy":"product_cat","embeddable":true,"href":"https:\/\/qualiquimica.com\/en\/wp-json\/wp\/v2\/product_cat?post=2727"},{"taxonomy":"product_tag","embeddable":true,"href":"https:\/\/qualiquimica.com\/en\/wp-json\/wp\/v2\/product_tag?post=2727"}],"curies":[{"name":"wp","href":"https:\/\/api.w.org\/{rel}","templated":true}]}}