{"id":2736,"date":"2022-03-31T19:57:15","date_gmt":"2022-03-31T19:57:15","guid":{"rendered":"https:\/\/qualiquimica.com\/produto\/detergente-roupa-extra-pro\/"},"modified":"2022-10-19T23:51:58","modified_gmt":"2022-10-19T23:51:58","slug":"detergente-roupa-extra-pro","status":"publish","type":"product","link":"https:\/\/qualiquimica.com\/en\/product\/detergente-roupa-extra-pro\/","title":{"rendered":"Detergente Roupa Extra Pro"},"content":{"rendered":"","protected":false},"excerpt":{"rendered":"<p>Detergente l\u00edquido de alto rendimento para lavagem de roupa. Produto de baixa viscosidade, especialmente formulado\u00a0para sistemas autom\u00e1ticos de doseamento em lavandarias. Cuida e limpa a roupa, atuando eficazmente na remo\u00e7\u00e3o de\u00a0sujidade, evitando a\u00a0redeposi\u00e7\u00e3o.\u00a0A efic\u00e1cia de lavagem do produto pode ser complementada no doseamento autom\u00e1tico com aditivos de\u00a0pr\u00e9-lavagem\u00a0e\u00a0branqueadores. Estes sistemas permitem uma elevada efici\u00eancia de lavagem aliada a uma boa economia.<\/p>\n","protected":false},"featured_media":1663,"comment_status":"open","ping_status":"closed","template":"","meta":[],"product_brand":[],"product_cat":[36,51],"product_tag":[],"class_list":{"0":"post-2736","1":"product","2":"type-product","3":"status-publish","4":"has-post-thumbnail","6":"product_cat-linha-profissional","7":"product_cat-lavandaria","9":"first","10":"instock","11":"shipping-taxable","12":"purchasable","13":"product-type-variable"},"_links":{"self":[{"href":"https:\/\/qualiquimica.com\/en\/wp-json\/wp\/v2\/product\/2736"}],"collection":[{"href":"https:\/\/qualiquimica.com\/en\/wp-json\/wp\/v2\/product"}],"about":[{"href":"https:\/\/qualiquimica.com\/en\/wp-json\/wp\/v2\/types\/product"}],"replies":[{"embeddable":true,"href":"https:\/\/qualiquimica.com\/en\/wp-json\/wp\/v2\/comments?post=2736"}],"wp:featuredmedia":[{"embeddable":true,"href":"https:\/\/qualiquimica.com\/en\/wp-json\/wp\/v2\/media\/1663"}],"wp:attachment":[{"href":"https:\/\/qualiquimica.com\/en\/wp-json\/wp\/v2\/media?parent=2736"}],"wp:term":[{"taxonomy":"product_brand","embeddable":true,"href":"https:\/\/qualiquimica.com\/en\/wp-json\/wp\/v2\/product_brand?post=2736"},{"taxonomy":"product_cat","embeddable":true,"href":"https:\/\/qualiquimica.com\/en\/wp-json\/wp\/v2\/product_cat?post=2736"},{"taxonomy":"product_tag","embeddable":true,"href":"https:\/\/qualiquimica.com\/en\/wp-json\/wp\/v2\/product_tag?post=2736"}],"curies":[{"name":"wp","href":"https:\/\/api.w.org\/{rel}","templated":true}]}}