{"id":2737,"date":"2022-03-31T19:57:15","date_gmt":"2022-03-31T19:57:15","guid":{"rendered":"https:\/\/qualiquimica.com\/produto\/enzidete-detergente-enzimatico\/"},"modified":"2022-10-19T23:51:58","modified_gmt":"2022-10-19T23:51:58","slug":"enzidete-detergente-enzimatico","status":"publish","type":"product","link":"https:\/\/qualiquimica.com\/en\/product\/enzidete-detergente-enzimatico\/","title":{"rendered":"Enzidete &#8211; Detergente Enzim\u00e1tico"},"content":{"rendered":"","protected":false},"excerpt":{"rendered":"<p>Detergente l\u00edquido enzim\u00e1tico de alto rendimento para lavagem de roupa. Produto de baixa viscosidade, especialmente\u00a0formulado para sistemas autom\u00e1ticos de doseamento em lavandarias. Cuida e limpa a roupa, atuando eficazmente na\u00a0remo\u00e7\u00e3o de sujidade, evitando a sua\u00a0redeposi\u00e7\u00e3o. Aditivado com enzimas de \u00faltima gera\u00e7\u00e3o, estando especialmente\u00a0formulado para tratamento de n\u00f3doas alimentares e de mat\u00e9ria org\u00e2nica.\u00a0Apto para ser utilizado com temperaturas entre os 30\u00a0\u00baC\u00a0e 70\u00a0\u00baC.\u00a0A efic\u00e1cia de lavagem do produto pode ser complementada no doseamento autom\u00e1tico com aditivos de\u00a0pr\u00e9-lavagem\u00a0e\u00a0branqueadores. Estes sistemas permitem uma elevada efici\u00eancia de lavagem aliada a uma boa economia.<\/p>\n","protected":false},"featured_media":1685,"comment_status":"open","ping_status":"closed","template":"","meta":[],"product_brand":[],"product_cat":[36,51],"product_tag":[],"class_list":{"0":"post-2737","1":"product","2":"type-product","3":"status-publish","4":"has-post-thumbnail","6":"product_cat-linha-profissional","7":"product_cat-lavandaria","9":"first","10":"instock","11":"shipping-taxable","12":"purchasable","13":"product-type-variable"},"_links":{"self":[{"href":"https:\/\/qualiquimica.com\/en\/wp-json\/wp\/v2\/product\/2737"}],"collection":[{"href":"https:\/\/qualiquimica.com\/en\/wp-json\/wp\/v2\/product"}],"about":[{"href":"https:\/\/qualiquimica.com\/en\/wp-json\/wp\/v2\/types\/product"}],"replies":[{"embeddable":true,"href":"https:\/\/qualiquimica.com\/en\/wp-json\/wp\/v2\/comments?post=2737"}],"wp:featuredmedia":[{"embeddable":true,"href":"https:\/\/qualiquimica.com\/en\/wp-json\/wp\/v2\/media\/1685"}],"wp:attachment":[{"href":"https:\/\/qualiquimica.com\/en\/wp-json\/wp\/v2\/media?parent=2737"}],"wp:term":[{"taxonomy":"product_brand","embeddable":true,"href":"https:\/\/qualiquimica.com\/en\/wp-json\/wp\/v2\/product_brand?post=2737"},{"taxonomy":"product_cat","embeddable":true,"href":"https:\/\/qualiquimica.com\/en\/wp-json\/wp\/v2\/product_cat?post=2737"},{"taxonomy":"product_tag","embeddable":true,"href":"https:\/\/qualiquimica.com\/en\/wp-json\/wp\/v2\/product_tag?post=2737"}],"curies":[{"name":"wp","href":"https:\/\/api.w.org\/{rel}","templated":true}]}}