{"id":2739,"date":"2022-03-31T19:57:16","date_gmt":"2022-03-31T19:57:16","guid":{"rendered":"https:\/\/qualiquimica.com\/produto\/aditivo-alcalino-para-roupa\/"},"modified":"2022-10-19T23:51:58","modified_gmt":"2022-10-19T23:51:58","slug":"aditivo-alcalino-para-roupa","status":"publish","type":"product","link":"https:\/\/qualiquimica.com\/en\/product\/aditivo-alcalino-para-roupa\/","title":{"rendered":"Aditivo Alcalino Para Roupa"},"content":{"rendered":"","protected":false},"excerpt":{"rendered":"<p>Aditivo l\u00edquido alcalino \u00e0 base de agentes alcalinos, subst\u00e2ncias\u00a0sequestrantes\u00a0e tensioativos de baixa espuma. \u00c9 utilizado como produto de pr\u00e9-lavagem e complemento ao detergente l\u00edquido em processos de lavagem de roupa com n\u00f3doas dif\u00edceis tais como: gorduras, sangue, restos org\u00e2nicos, urina, etc. Pode ser usado em todo o tipo de \u00e1guas, incrementando a capacidade de remo\u00e7\u00e3o de sujidade.<\/p>\n","protected":false},"featured_media":1882,"comment_status":"open","ping_status":"closed","template":"","meta":[],"product_brand":[],"product_cat":[36,51],"product_tag":[],"class_list":{"0":"post-2739","1":"product","2":"type-product","3":"status-publish","4":"has-post-thumbnail","6":"product_cat-linha-profissional","7":"product_cat-lavandaria","9":"first","10":"instock","11":"shipping-taxable","12":"purchasable","13":"product-type-variable"},"_links":{"self":[{"href":"https:\/\/qualiquimica.com\/en\/wp-json\/wp\/v2\/product\/2739"}],"collection":[{"href":"https:\/\/qualiquimica.com\/en\/wp-json\/wp\/v2\/product"}],"about":[{"href":"https:\/\/qualiquimica.com\/en\/wp-json\/wp\/v2\/types\/product"}],"replies":[{"embeddable":true,"href":"https:\/\/qualiquimica.com\/en\/wp-json\/wp\/v2\/comments?post=2739"}],"wp:featuredmedia":[{"embeddable":true,"href":"https:\/\/qualiquimica.com\/en\/wp-json\/wp\/v2\/media\/1882"}],"wp:attachment":[{"href":"https:\/\/qualiquimica.com\/en\/wp-json\/wp\/v2\/media?parent=2739"}],"wp:term":[{"taxonomy":"product_brand","embeddable":true,"href":"https:\/\/qualiquimica.com\/en\/wp-json\/wp\/v2\/product_brand?post=2739"},{"taxonomy":"product_cat","embeddable":true,"href":"https:\/\/qualiquimica.com\/en\/wp-json\/wp\/v2\/product_cat?post=2739"},{"taxonomy":"product_tag","embeddable":true,"href":"https:\/\/qualiquimica.com\/en\/wp-json\/wp\/v2\/product_tag?post=2739"}],"curies":[{"name":"wp","href":"https:\/\/api.w.org\/{rel}","templated":true}]}}