{"id":2746,"date":"2022-03-31T19:57:16","date_gmt":"2022-03-31T19:57:16","guid":{"rendered":"https:\/\/qualiquimica.com\/produto\/amaciador-extra-pro-fresh-sensation\/"},"modified":"2022-10-19T23:51:58","modified_gmt":"2022-10-19T23:51:58","slug":"amaciador-extra-pro-fresh-sensation","status":"publish","type":"product","link":"https:\/\/qualiquimica.com\/en\/product\/amaciador-extra-pro-fresh-sensation\/","title":{"rendered":"Amaciador Extra Pro Fresh Sensation"},"content":{"rendered":"","protected":false},"excerpt":{"rendered":"<p>Amaciador concentrado t\u00eaxtil perfumado de elevado poder suavizante\u00a0que cont\u00e9m perfume com\u00a0frag\u00e2ncia\u00a0Fresh Sensation e tecnologia de microc\u00e1psulas para maior dura\u00e7\u00e3o do efeito perfumado. Devido \u00e0 sua baixa viscosidade, est\u00e1 apto para uso em sistemas autom\u00e1ticos de doseamento em lavandarias. Suaviza e cuida as fibras nos processos de lavagem.<\/p>\n","protected":false},"featured_media":1587,"comment_status":"open","ping_status":"closed","template":"","meta":[],"product_brand":[],"product_cat":[36,51],"product_tag":[],"class_list":{"0":"post-2746","1":"product","2":"type-product","3":"status-publish","4":"has-post-thumbnail","6":"product_cat-linha-profissional","7":"product_cat-lavandaria","9":"first","10":"instock","11":"shipping-taxable","12":"purchasable","13":"product-type-variable"},"_links":{"self":[{"href":"https:\/\/qualiquimica.com\/en\/wp-json\/wp\/v2\/product\/2746"}],"collection":[{"href":"https:\/\/qualiquimica.com\/en\/wp-json\/wp\/v2\/product"}],"about":[{"href":"https:\/\/qualiquimica.com\/en\/wp-json\/wp\/v2\/types\/product"}],"replies":[{"embeddable":true,"href":"https:\/\/qualiquimica.com\/en\/wp-json\/wp\/v2\/comments?post=2746"}],"wp:featuredmedia":[{"embeddable":true,"href":"https:\/\/qualiquimica.com\/en\/wp-json\/wp\/v2\/media\/1587"}],"wp:attachment":[{"href":"https:\/\/qualiquimica.com\/en\/wp-json\/wp\/v2\/media?parent=2746"}],"wp:term":[{"taxonomy":"product_brand","embeddable":true,"href":"https:\/\/qualiquimica.com\/en\/wp-json\/wp\/v2\/product_brand?post=2746"},{"taxonomy":"product_cat","embeddable":true,"href":"https:\/\/qualiquimica.com\/en\/wp-json\/wp\/v2\/product_cat?post=2746"},{"taxonomy":"product_tag","embeddable":true,"href":"https:\/\/qualiquimica.com\/en\/wp-json\/wp\/v2\/product_tag?post=2746"}],"curies":[{"name":"wp","href":"https:\/\/api.w.org\/{rel}","templated":true}]}}