{"id":2747,"date":"2022-03-31T19:57:16","date_gmt":"2022-03-31T19:57:16","guid":{"rendered":"https:\/\/qualiquimica.com\/produto\/amaciador-extra-pro-talco\/"},"modified":"2022-10-19T23:51:59","modified_gmt":"2022-10-19T23:51:59","slug":"amaciador-extra-pro-talco","status":"publish","type":"product","link":"https:\/\/qualiquimica.com\/en\/product\/amaciador-extra-pro-talco\/","title":{"rendered":"Amaciador Extra Pro Talco"},"content":{"rendered":"","protected":false},"excerpt":{"rendered":"<p>Amaciador concentrado t\u00eaxtil perfumado de elevado poder suavizante e agrad\u00e1vel frag\u00e2ncia\u00a0a Talco. Devido \u00e0 sua baixa viscosidade, est\u00e1 apto para uso em sistemas autom\u00e1ticos de doseamento em lavandarias. Suaviza e cuida as fibras nos processos de lavagem.\u00a0<\/p>\n","protected":false},"featured_media":1891,"comment_status":"open","ping_status":"closed","template":"","meta":[],"product_brand":[],"product_cat":[36,51],"product_tag":[],"class_list":{"0":"post-2747","1":"product","2":"type-product","3":"status-publish","4":"has-post-thumbnail","6":"product_cat-linha-profissional","7":"product_cat-lavandaria","9":"first","10":"instock","11":"shipping-taxable","12":"purchasable","13":"product-type-variable"},"_links":{"self":[{"href":"https:\/\/qualiquimica.com\/en\/wp-json\/wp\/v2\/product\/2747"}],"collection":[{"href":"https:\/\/qualiquimica.com\/en\/wp-json\/wp\/v2\/product"}],"about":[{"href":"https:\/\/qualiquimica.com\/en\/wp-json\/wp\/v2\/types\/product"}],"replies":[{"embeddable":true,"href":"https:\/\/qualiquimica.com\/en\/wp-json\/wp\/v2\/comments?post=2747"}],"wp:featuredmedia":[{"embeddable":true,"href":"https:\/\/qualiquimica.com\/en\/wp-json\/wp\/v2\/media\/1891"}],"wp:attachment":[{"href":"https:\/\/qualiquimica.com\/en\/wp-json\/wp\/v2\/media?parent=2747"}],"wp:term":[{"taxonomy":"product_brand","embeddable":true,"href":"https:\/\/qualiquimica.com\/en\/wp-json\/wp\/v2\/product_brand?post=2747"},{"taxonomy":"product_cat","embeddable":true,"href":"https:\/\/qualiquimica.com\/en\/wp-json\/wp\/v2\/product_cat?post=2747"},{"taxonomy":"product_tag","embeddable":true,"href":"https:\/\/qualiquimica.com\/en\/wp-json\/wp\/v2\/product_tag?post=2747"}],"curies":[{"name":"wp","href":"https:\/\/api.w.org\/{rel}","templated":true}]}}