{"id":2750,"date":"2022-03-31T19:57:20","date_gmt":"2022-03-31T19:57:20","guid":{"rendered":"https:\/\/qualiquimica.com\/produto\/clor-blanc-branqueador-clorado-liquido\/"},"modified":"2022-10-19T23:52:02","modified_gmt":"2022-10-19T23:52:02","slug":"clor-blanc-branqueador-clorado-liquido","status":"publish","type":"product","link":"https:\/\/qualiquimica.com\/en\/product\/clor-blanc-branqueador-clorado-liquido\/","title":{"rendered":"Clor Blanc &#8211; Branqueador Clorado L\u00edquido"},"content":{"rendered":"","protected":false},"excerpt":{"rendered":"<p>Aditivo l\u00edquido branqueador apto para o branqueamento e remo\u00e7\u00e3o de n\u00f3doas em roupa branca e artigos resistentes a cloro. Possui excelente poder de branqueamento.\u00a0Especialmente formulado para uso em sistemas autom\u00e1ticos de doseamento.\u00a0Aconselh\u00e1vel para utiliza\u00e7\u00e3o em hotelaria e restaura\u00e7\u00e3o, lavandarias, lares, hospitais, etc.<\/p>\n","protected":false},"featured_media":1923,"comment_status":"open","ping_status":"closed","template":"","meta":[],"product_brand":[],"product_cat":[36,51],"product_tag":[],"class_list":{"0":"post-2750","1":"product","2":"type-product","3":"status-publish","4":"has-post-thumbnail","6":"product_cat-linha-profissional","7":"product_cat-lavandaria","9":"first","10":"instock","11":"shipping-taxable","12":"purchasable","13":"product-type-variable"},"_links":{"self":[{"href":"https:\/\/qualiquimica.com\/en\/wp-json\/wp\/v2\/product\/2750"}],"collection":[{"href":"https:\/\/qualiquimica.com\/en\/wp-json\/wp\/v2\/product"}],"about":[{"href":"https:\/\/qualiquimica.com\/en\/wp-json\/wp\/v2\/types\/product"}],"replies":[{"embeddable":true,"href":"https:\/\/qualiquimica.com\/en\/wp-json\/wp\/v2\/comments?post=2750"}],"wp:featuredmedia":[{"embeddable":true,"href":"https:\/\/qualiquimica.com\/en\/wp-json\/wp\/v2\/media\/1923"}],"wp:attachment":[{"href":"https:\/\/qualiquimica.com\/en\/wp-json\/wp\/v2\/media?parent=2750"}],"wp:term":[{"taxonomy":"product_brand","embeddable":true,"href":"https:\/\/qualiquimica.com\/en\/wp-json\/wp\/v2\/product_brand?post=2750"},{"taxonomy":"product_cat","embeddable":true,"href":"https:\/\/qualiquimica.com\/en\/wp-json\/wp\/v2\/product_cat?post=2750"},{"taxonomy":"product_tag","embeddable":true,"href":"https:\/\/qualiquimica.com\/en\/wp-json\/wp\/v2\/product_tag?post=2750"}],"curies":[{"name":"wp","href":"https:\/\/api.w.org\/{rel}","templated":true}]}}