{"id":2753,"date":"2022-03-31T19:57:20","date_gmt":"2022-03-31T19:57:20","guid":{"rendered":"https:\/\/qualiquimica.com\/produto\/branqueador-oxigenado-em-po\/"},"modified":"2022-10-19T23:52:02","modified_gmt":"2022-10-19T23:52:02","slug":"branqueador-oxigenado-em-po","status":"publish","type":"product","link":"https:\/\/qualiquimica.com\/en\/product\/branqueador-oxigenado-em-po\/","title":{"rendered":"Branqueador Oxigenado em P\u00f3"},"content":{"rendered":"","protected":false},"excerpt":{"rendered":"<p>Branqueador em p\u00f3 \u00e0 base de oxig\u00e9nio ativo para remo\u00e7\u00e3o de n\u00f3doas em roupa branca e de cor. Apresenta elevado desempenho numa gama muito variada de n\u00f3doas, tanto frescas como ressequidas.\u00a0<\/p>\n","protected":false},"featured_media":1932,"comment_status":"open","ping_status":"closed","template":"","meta":[],"product_brand":[],"product_cat":[36,51],"product_tag":[],"class_list":{"0":"post-2753","1":"product","2":"type-product","3":"status-publish","4":"has-post-thumbnail","6":"product_cat-linha-profissional","7":"product_cat-lavandaria","9":"first","10":"instock","11":"shipping-taxable","12":"purchasable","13":"product-type-variable"},"_links":{"self":[{"href":"https:\/\/qualiquimica.com\/en\/wp-json\/wp\/v2\/product\/2753"}],"collection":[{"href":"https:\/\/qualiquimica.com\/en\/wp-json\/wp\/v2\/product"}],"about":[{"href":"https:\/\/qualiquimica.com\/en\/wp-json\/wp\/v2\/types\/product"}],"replies":[{"embeddable":true,"href":"https:\/\/qualiquimica.com\/en\/wp-json\/wp\/v2\/comments?post=2753"}],"wp:featuredmedia":[{"embeddable":true,"href":"https:\/\/qualiquimica.com\/en\/wp-json\/wp\/v2\/media\/1932"}],"wp:attachment":[{"href":"https:\/\/qualiquimica.com\/en\/wp-json\/wp\/v2\/media?parent=2753"}],"wp:term":[{"taxonomy":"product_brand","embeddable":true,"href":"https:\/\/qualiquimica.com\/en\/wp-json\/wp\/v2\/product_brand?post=2753"},{"taxonomy":"product_cat","embeddable":true,"href":"https:\/\/qualiquimica.com\/en\/wp-json\/wp\/v2\/product_cat?post=2753"},{"taxonomy":"product_tag","embeddable":true,"href":"https:\/\/qualiquimica.com\/en\/wp-json\/wp\/v2\/product_tag?post=2753"}],"curies":[{"name":"wp","href":"https:\/\/api.w.org\/{rel}","templated":true}]}}