{"id":2754,"date":"2022-03-31T19:57:20","date_gmt":"2022-03-31T19:57:20","guid":{"rendered":"https:\/\/qualiquimica.com\/produto\/oxiclean-lixivia-delicada-perfumada\/"},"modified":"2022-10-19T23:52:02","modified_gmt":"2022-10-19T23:52:02","slug":"oxiclean-lixivia-delicada-perfumada","status":"publish","type":"product","link":"https:\/\/qualiquimica.com\/en\/product\/oxiclean-lixivia-delicada-perfumada\/","title":{"rendered":"Oxiclean \u2013 Lix\u00edvia Delicada Perfumada"},"content":{"rendered":"","protected":false},"excerpt":{"rendered":"<p>Lix\u00edvia delicada com bom poder de detergente e branqueador, aliado a um perfume agrad\u00e1vel. Proporciona uma limpeza profunda a cada lavagem. Branqueia, remove as n\u00f3doas e os maus cheiros, deixando na roupa uma agrad\u00e1vel fragr\u00e2ncia.\u00a0Ideal para roupa\u00a0delicada\u00a0e de cor.<\/p>\n","protected":false},"featured_media":2024,"comment_status":"open","ping_status":"closed","template":"","meta":[],"product_brand":[],"product_cat":[36,51],"product_tag":[],"class_list":{"0":"post-2754","1":"product","2":"type-product","3":"status-publish","4":"has-post-thumbnail","6":"product_cat-linha-profissional","7":"product_cat-lavandaria","9":"first","10":"instock","11":"shipping-taxable","12":"purchasable","13":"product-type-variable"},"_links":{"self":[{"href":"https:\/\/qualiquimica.com\/en\/wp-json\/wp\/v2\/product\/2754"}],"collection":[{"href":"https:\/\/qualiquimica.com\/en\/wp-json\/wp\/v2\/product"}],"about":[{"href":"https:\/\/qualiquimica.com\/en\/wp-json\/wp\/v2\/types\/product"}],"replies":[{"embeddable":true,"href":"https:\/\/qualiquimica.com\/en\/wp-json\/wp\/v2\/comments?post=2754"}],"wp:featuredmedia":[{"embeddable":true,"href":"https:\/\/qualiquimica.com\/en\/wp-json\/wp\/v2\/media\/2024"}],"wp:attachment":[{"href":"https:\/\/qualiquimica.com\/en\/wp-json\/wp\/v2\/media?parent=2754"}],"wp:term":[{"taxonomy":"product_brand","embeddable":true,"href":"https:\/\/qualiquimica.com\/en\/wp-json\/wp\/v2\/product_brand?post=2754"},{"taxonomy":"product_cat","embeddable":true,"href":"https:\/\/qualiquimica.com\/en\/wp-json\/wp\/v2\/product_cat?post=2754"},{"taxonomy":"product_tag","embeddable":true,"href":"https:\/\/qualiquimica.com\/en\/wp-json\/wp\/v2\/product_tag?post=2754"}],"curies":[{"name":"wp","href":"https:\/\/api.w.org\/{rel}","templated":true}]}}