{"id":2755,"date":"2022-03-31T19:57:20","date_gmt":"2022-03-31T19:57:20","guid":{"rendered":"https:\/\/qualiquimica.com\/produto\/hdr-100-limpador-de-maquinas-de-lavar-roupa\/"},"modified":"2022-10-19T23:52:02","modified_gmt":"2022-10-19T23:52:02","slug":"hdr-100-limpador-de-maquinas-de-lavar-roupa","status":"publish","type":"product","link":"https:\/\/qualiquimica.com\/en\/product\/hdr-100-limpador-de-maquinas-de-lavar-roupa\/","title":{"rendered":"HDR 100 \u2013 Limpador de M\u00e1quinas de Lavar Roupa"},"content":{"rendered":"","protected":false},"excerpt":{"rendered":"<p>Detergente para limpeza de m\u00e1quinas de lavar roupa. Remove res\u00edduos de calc\u00e1rios, gorduras, entre outras sujidades.\u00a0Proporciona limpeza e higieniza\u00e7\u00e3o profundas, contribuindo para remo\u00e7\u00e3o de maus odores.\u00a0<\/p>\n","protected":false},"featured_media":2001,"comment_status":"open","ping_status":"closed","template":"","meta":[],"product_brand":[],"product_cat":[36,51],"product_tag":[],"class_list":{"0":"post-2755","1":"product","2":"type-product","3":"status-publish","4":"has-post-thumbnail","6":"product_cat-linha-profissional","7":"product_cat-lavandaria","9":"first","10":"instock","11":"shipping-taxable","12":"purchasable","13":"product-type-variable"},"_links":{"self":[{"href":"https:\/\/qualiquimica.com\/en\/wp-json\/wp\/v2\/product\/2755"}],"collection":[{"href":"https:\/\/qualiquimica.com\/en\/wp-json\/wp\/v2\/product"}],"about":[{"href":"https:\/\/qualiquimica.com\/en\/wp-json\/wp\/v2\/types\/product"}],"replies":[{"embeddable":true,"href":"https:\/\/qualiquimica.com\/en\/wp-json\/wp\/v2\/comments?post=2755"}],"wp:featuredmedia":[{"embeddable":true,"href":"https:\/\/qualiquimica.com\/en\/wp-json\/wp\/v2\/media\/2001"}],"wp:attachment":[{"href":"https:\/\/qualiquimica.com\/en\/wp-json\/wp\/v2\/media?parent=2755"}],"wp:term":[{"taxonomy":"product_brand","embeddable":true,"href":"https:\/\/qualiquimica.com\/en\/wp-json\/wp\/v2\/product_brand?post=2755"},{"taxonomy":"product_cat","embeddable":true,"href":"https:\/\/qualiquimica.com\/en\/wp-json\/wp\/v2\/product_cat?post=2755"},{"taxonomy":"product_tag","embeddable":true,"href":"https:\/\/qualiquimica.com\/en\/wp-json\/wp\/v2\/product_tag?post=2755"}],"curies":[{"name":"wp","href":"https:\/\/api.w.org\/{rel}","templated":true}]}}