{"id":2762,"date":"2022-03-31T19:57:21","date_gmt":"2022-03-31T19:57:21","guid":{"rendered":"https:\/\/qualiquimica.com\/produto\/ca-90-champo-automovel-concentrado-com-cera\/"},"modified":"2022-10-19T23:52:02","modified_gmt":"2022-10-19T23:52:02","slug":"ca-90-champo-automovel-concentrado-com-cera","status":"publish","type":"product","link":"https:\/\/qualiquimica.com\/en\/product\/ca-90-champo-automovel-concentrado-com-cera\/","title":{"rendered":"CA 90 &#8211; Champ\u00f4 Autom\u00f3vel Concentrado com Cera"},"content":{"rendered":"","protected":false},"excerpt":{"rendered":"<p>O CA 90 \u00e9 indicado para lavagem manual de autom\u00f3veis. Possui bom poder de remo\u00e7\u00e3o de sujidade, sendo um produto concentrado adequado para lavagem manual de todo o tipo de viaturas e motorizadas. N\u00e3o ataca a pintura, borracha e pl\u00e1sticos.\u00a0Deixa uma pel\u00edcula\u00a0hidrofugante\u00a0e\u00a0antiest\u00e1tica\u00a0na superf\u00edcie da viatura, real\u00e7ando o brilho da mesma.<\/p>\n","protected":false},"featured_media":3407,"comment_status":"open","ping_status":"closed","template":"","meta":[],"product_brand":[],"product_cat":[36,44],"product_tag":[],"class_list":{"0":"post-2762","1":"product","2":"type-product","3":"status-publish","4":"has-post-thumbnail","6":"product_cat-linha-profissional","7":"product_cat-auto-2","9":"first","10":"instock","11":"shipping-taxable","12":"purchasable","13":"product-type-variable"},"_links":{"self":[{"href":"https:\/\/qualiquimica.com\/en\/wp-json\/wp\/v2\/product\/2762"}],"collection":[{"href":"https:\/\/qualiquimica.com\/en\/wp-json\/wp\/v2\/product"}],"about":[{"href":"https:\/\/qualiquimica.com\/en\/wp-json\/wp\/v2\/types\/product"}],"replies":[{"embeddable":true,"href":"https:\/\/qualiquimica.com\/en\/wp-json\/wp\/v2\/comments?post=2762"}],"wp:featuredmedia":[{"embeddable":true,"href":"https:\/\/qualiquimica.com\/en\/wp-json\/wp\/v2\/media\/3407"}],"wp:attachment":[{"href":"https:\/\/qualiquimica.com\/en\/wp-json\/wp\/v2\/media?parent=2762"}],"wp:term":[{"taxonomy":"product_brand","embeddable":true,"href":"https:\/\/qualiquimica.com\/en\/wp-json\/wp\/v2\/product_brand?post=2762"},{"taxonomy":"product_cat","embeddable":true,"href":"https:\/\/qualiquimica.com\/en\/wp-json\/wp\/v2\/product_cat?post=2762"},{"taxonomy":"product_tag","embeddable":true,"href":"https:\/\/qualiquimica.com\/en\/wp-json\/wp\/v2\/product_tag?post=2762"}],"curies":[{"name":"wp","href":"https:\/\/api.w.org\/{rel}","templated":true}]}}