{"id":2764,"date":"2022-03-31T19:57:21","date_gmt":"2022-03-31T19:57:21","guid":{"rendered":"https:\/\/qualiquimica.com\/produto\/lva-90-champo-concentrado-p-tuneis-de-lavagem\/"},"modified":"2022-10-19T23:52:02","modified_gmt":"2022-10-19T23:52:02","slug":"lva-90-champo-concentrado-p-tuneis-de-lavagem","status":"publish","type":"product","link":"https:\/\/qualiquimica.com\/en\/product\/lva-90-champo-concentrado-p-tuneis-de-lavagem\/","title":{"rendered":"LVA 90 &#8211; Champ\u00f4 Concentrado p\/ T\u00faneis de Lavagem"},"content":{"rendered":"","protected":false},"excerpt":{"rendered":"<p>O LVA &#8211; 90 \u00e9 um champ\u00f4 concentrado, indicado para lavagem de autom\u00f3veis em t\u00faneis de lavagem autom\u00e1tica. Possui excelente poder de remo\u00e7\u00e3o de sujidade, sendo um produto concentrado de boa qualidade adequado \u00e0 lavagem de todo o tipo de viaturas. N\u00e3o ataca a pintura, borracha e pl\u00e1sticos.\u00a0Pode ser complementado com a aplica\u00e7\u00e3o da cera LVA.<\/p>\n","protected":false},"featured_media":2086,"comment_status":"open","ping_status":"closed","template":"","meta":[],"product_brand":[],"product_cat":[36,44],"product_tag":[],"class_list":{"0":"post-2764","1":"product","2":"type-product","3":"status-publish","4":"has-post-thumbnail","6":"product_cat-linha-profissional","7":"product_cat-auto-2","9":"first","10":"instock","11":"shipping-taxable","12":"purchasable","13":"product-type-variable"},"_links":{"self":[{"href":"https:\/\/qualiquimica.com\/en\/wp-json\/wp\/v2\/product\/2764"}],"collection":[{"href":"https:\/\/qualiquimica.com\/en\/wp-json\/wp\/v2\/product"}],"about":[{"href":"https:\/\/qualiquimica.com\/en\/wp-json\/wp\/v2\/types\/product"}],"replies":[{"embeddable":true,"href":"https:\/\/qualiquimica.com\/en\/wp-json\/wp\/v2\/comments?post=2764"}],"wp:featuredmedia":[{"embeddable":true,"href":"https:\/\/qualiquimica.com\/en\/wp-json\/wp\/v2\/media\/2086"}],"wp:attachment":[{"href":"https:\/\/qualiquimica.com\/en\/wp-json\/wp\/v2\/media?parent=2764"}],"wp:term":[{"taxonomy":"product_brand","embeddable":true,"href":"https:\/\/qualiquimica.com\/en\/wp-json\/wp\/v2\/product_brand?post=2764"},{"taxonomy":"product_cat","embeddable":true,"href":"https:\/\/qualiquimica.com\/en\/wp-json\/wp\/v2\/product_cat?post=2764"},{"taxonomy":"product_tag","embeddable":true,"href":"https:\/\/qualiquimica.com\/en\/wp-json\/wp\/v2\/product_tag?post=2764"}],"curies":[{"name":"wp","href":"https:\/\/api.w.org\/{rel}","templated":true}]}}