{"id":2765,"date":"2022-03-31T19:57:21","date_gmt":"2022-03-31T19:57:21","guid":{"rendered":"https:\/\/qualiquimica.com\/produto\/espuma-ativa\/"},"modified":"2022-10-19T23:52:02","modified_gmt":"2022-10-19T23:52:02","slug":"espuma-ativa","status":"publish","type":"product","link":"https:\/\/qualiquimica.com\/en\/product\/espuma-ativa\/","title":{"rendered":"Espuma Ativa"},"content":{"rendered":"","protected":false},"excerpt":{"rendered":"<p>Detergente altamente concentrado para lavagem de autom\u00f3veis. Caracteriza-se pela alta forma\u00e7\u00e3o de espuma, permitindo elevado rendimento e lavagem eficaz de todo o tipo de viaturas. N\u00e3o ataca a pintura, borrachas e pl\u00e1sticos.<\/p>\n","protected":false},"featured_media":1683,"comment_status":"open","ping_status":"closed","template":"","meta":[],"product_brand":[],"product_cat":[36,44],"product_tag":[],"class_list":{"0":"post-2765","1":"product","2":"type-product","3":"status-publish","4":"has-post-thumbnail","6":"product_cat-linha-profissional","7":"product_cat-auto-2","9":"first","10":"instock","11":"shipping-taxable","12":"purchasable","13":"product-type-variable"},"_links":{"self":[{"href":"https:\/\/qualiquimica.com\/en\/wp-json\/wp\/v2\/product\/2765"}],"collection":[{"href":"https:\/\/qualiquimica.com\/en\/wp-json\/wp\/v2\/product"}],"about":[{"href":"https:\/\/qualiquimica.com\/en\/wp-json\/wp\/v2\/types\/product"}],"replies":[{"embeddable":true,"href":"https:\/\/qualiquimica.com\/en\/wp-json\/wp\/v2\/comments?post=2765"}],"wp:featuredmedia":[{"embeddable":true,"href":"https:\/\/qualiquimica.com\/en\/wp-json\/wp\/v2\/media\/1683"}],"wp:attachment":[{"href":"https:\/\/qualiquimica.com\/en\/wp-json\/wp\/v2\/media?parent=2765"}],"wp:term":[{"taxonomy":"product_brand","embeddable":true,"href":"https:\/\/qualiquimica.com\/en\/wp-json\/wp\/v2\/product_brand?post=2765"},{"taxonomy":"product_cat","embeddable":true,"href":"https:\/\/qualiquimica.com\/en\/wp-json\/wp\/v2\/product_cat?post=2765"},{"taxonomy":"product_tag","embeddable":true,"href":"https:\/\/qualiquimica.com\/en\/wp-json\/wp\/v2\/product_tag?post=2765"}],"curies":[{"name":"wp","href":"https:\/\/api.w.org\/{rel}","templated":true}]}}