{"id":2766,"date":"2022-03-31T19:57:21","date_gmt":"2022-03-31T19:57:21","guid":{"rendered":"https:\/\/qualiquimica.com\/produto\/qualisuper-car-desengordurante-de-carrocarias-e-pre-lavagem\/"},"modified":"2022-10-20T00:06:46","modified_gmt":"2022-10-20T00:06:46","slug":"qualisuper-car-desengordurante-de-carrocarias-e-pre-lavagem","status":"publish","type":"product","link":"https:\/\/qualiquimica.com\/en\/product\/qualisuper-car-desengordurante-de-carrocarias-e-pre-lavagem\/","title":{"rendered":"QualiSuper CAR \u2013 Desengordurante de Carro\u00e7arias e Pr\u00e9 lavagem"},"content":{"rendered":"","protected":false},"excerpt":{"rendered":"<p>Detergente l\u00edquido super concentrado de elevada qualidade para pr\u00e9 lavagem e desengorduramento de carro\u00e7arias em geral de autom\u00f3veis, autocarros, comboios, m\u00e1quinas, entre outros.<\/p>\n","protected":false},"featured_media":2072,"comment_status":"open","ping_status":"closed","template":"","meta":[],"product_brand":[],"product_cat":[36,44],"product_tag":[],"class_list":{"0":"post-2766","1":"product","2":"type-product","3":"status-publish","4":"has-post-thumbnail","6":"product_cat-linha-profissional","7":"product_cat-auto-2","9":"first","10":"instock","11":"shipping-taxable","12":"purchasable","13":"product-type-variable"},"_links":{"self":[{"href":"https:\/\/qualiquimica.com\/en\/wp-json\/wp\/v2\/product\/2766"}],"collection":[{"href":"https:\/\/qualiquimica.com\/en\/wp-json\/wp\/v2\/product"}],"about":[{"href":"https:\/\/qualiquimica.com\/en\/wp-json\/wp\/v2\/types\/product"}],"replies":[{"embeddable":true,"href":"https:\/\/qualiquimica.com\/en\/wp-json\/wp\/v2\/comments?post=2766"}],"wp:featuredmedia":[{"embeddable":true,"href":"https:\/\/qualiquimica.com\/en\/wp-json\/wp\/v2\/media\/2072"}],"wp:attachment":[{"href":"https:\/\/qualiquimica.com\/en\/wp-json\/wp\/v2\/media?parent=2766"}],"wp:term":[{"taxonomy":"product_brand","embeddable":true,"href":"https:\/\/qualiquimica.com\/en\/wp-json\/wp\/v2\/product_brand?post=2766"},{"taxonomy":"product_cat","embeddable":true,"href":"https:\/\/qualiquimica.com\/en\/wp-json\/wp\/v2\/product_cat?post=2766"},{"taxonomy":"product_tag","embeddable":true,"href":"https:\/\/qualiquimica.com\/en\/wp-json\/wp\/v2\/product_tag?post=2766"}],"curies":[{"name":"wp","href":"https:\/\/api.w.org\/{rel}","templated":true}]}}