{"id":2770,"date":"2022-03-31T19:57:22","date_gmt":"2022-03-31T19:57:22","guid":{"rendered":"https:\/\/qualiquimica.com\/produto\/limpa-jantes-alcalino-c-pulverizador\/"},"modified":"2022-10-20T12:06:14","modified_gmt":"2022-10-20T12:06:14","slug":"limpa-jantes-alcalino-c-pulverizador","status":"publish","type":"product","link":"https:\/\/qualiquimica.com\/en\/product\/limpa-jantes-alcalino-c-pulverizador\/","title":{"rendered":"Limpa Jantes Alcalino c\/ pulverizador"},"content":{"rendered":"","protected":false},"excerpt":{"rendered":"<p>Detergente alcalino para desengorduramento e limpeza de jantes de viaturas. Possui boa capacidade de remo\u00e7\u00e3o de sujidade, gorduras e \u00f3leos. N\u00e3o ataca os componentes das jantes, desde que aplicado segundo as recomenda\u00e7\u00f5es t\u00e9cnicas.<\/p>\n","protected":false},"featured_media":3469,"comment_status":"open","ping_status":"closed","template":"","meta":[],"product_brand":[],"product_cat":[36,44],"product_tag":[],"class_list":{"0":"post-2770","1":"product","2":"type-product","3":"status-publish","4":"has-post-thumbnail","6":"product_cat-linha-profissional","7":"product_cat-auto-2","9":"first","10":"instock","11":"shipping-taxable","12":"purchasable","13":"product-type-variable"},"_links":{"self":[{"href":"https:\/\/qualiquimica.com\/en\/wp-json\/wp\/v2\/product\/2770"}],"collection":[{"href":"https:\/\/qualiquimica.com\/en\/wp-json\/wp\/v2\/product"}],"about":[{"href":"https:\/\/qualiquimica.com\/en\/wp-json\/wp\/v2\/types\/product"}],"replies":[{"embeddable":true,"href":"https:\/\/qualiquimica.com\/en\/wp-json\/wp\/v2\/comments?post=2770"}],"wp:featuredmedia":[{"embeddable":true,"href":"https:\/\/qualiquimica.com\/en\/wp-json\/wp\/v2\/media\/3469"}],"wp:attachment":[{"href":"https:\/\/qualiquimica.com\/en\/wp-json\/wp\/v2\/media?parent=2770"}],"wp:term":[{"taxonomy":"product_brand","embeddable":true,"href":"https:\/\/qualiquimica.com\/en\/wp-json\/wp\/v2\/product_brand?post=2770"},{"taxonomy":"product_cat","embeddable":true,"href":"https:\/\/qualiquimica.com\/en\/wp-json\/wp\/v2\/product_cat?post=2770"},{"taxonomy":"product_tag","embeddable":true,"href":"https:\/\/qualiquimica.com\/en\/wp-json\/wp\/v2\/product_tag?post=2770"}],"curies":[{"name":"wp","href":"https:\/\/api.w.org\/{rel}","templated":true}]}}