{"id":2774,"date":"2022-03-31T19:57:22","date_gmt":"2022-03-31T19:57:22","guid":{"rendered":"https:\/\/qualiquimica.com\/produto\/limpa-vidros-anti-estatico-carro-e-casa-c-pulverizador\/"},"modified":"2022-10-19T23:52:03","modified_gmt":"2022-10-19T23:52:03","slug":"limpa-vidros-antiestatico-carro-e-casa-c-pulverizador","status":"publish","type":"product","link":"https:\/\/qualiquimica.com\/en\/product\/limpa-vidros-antiestatico-carro-e-casa-c-pulverizador\/","title":{"rendered":"Limpa Vidros Antiest\u00e1tico Carro e Casa c\/ Pulverizador"},"content":{"rendered":"","protected":false},"excerpt":{"rendered":"<p>Limpa vidros de elevada efici\u00eancia na remo\u00e7\u00e3o de sujidade, manchas e dedadas em vidros, cer\u00e2micos, pl\u00e1sticos, etc. Permite uma secagem r\u00e1pida, eficaz e sem manchas. Real\u00e7a o brilho das superf\u00edcies e possui propriedades anti est\u00e1ticas.<\/p>\n","protected":false},"featured_media":1810,"comment_status":"open","ping_status":"closed","template":"","meta":[],"product_brand":[],"product_cat":[36,44],"product_tag":[],"class_list":{"0":"post-2774","1":"product","2":"type-product","3":"status-publish","4":"has-post-thumbnail","6":"product_cat-linha-profissional","7":"product_cat-auto-2","9":"first","10":"instock","11":"shipping-taxable","12":"purchasable","13":"product-type-variable"},"_links":{"self":[{"href":"https:\/\/qualiquimica.com\/en\/wp-json\/wp\/v2\/product\/2774"}],"collection":[{"href":"https:\/\/qualiquimica.com\/en\/wp-json\/wp\/v2\/product"}],"about":[{"href":"https:\/\/qualiquimica.com\/en\/wp-json\/wp\/v2\/types\/product"}],"replies":[{"embeddable":true,"href":"https:\/\/qualiquimica.com\/en\/wp-json\/wp\/v2\/comments?post=2774"}],"wp:featuredmedia":[{"embeddable":true,"href":"https:\/\/qualiquimica.com\/en\/wp-json\/wp\/v2\/media\/1810"}],"wp:attachment":[{"href":"https:\/\/qualiquimica.com\/en\/wp-json\/wp\/v2\/media?parent=2774"}],"wp:term":[{"taxonomy":"product_brand","embeddable":true,"href":"https:\/\/qualiquimica.com\/en\/wp-json\/wp\/v2\/product_brand?post=2774"},{"taxonomy":"product_cat","embeddable":true,"href":"https:\/\/qualiquimica.com\/en\/wp-json\/wp\/v2\/product_cat?post=2774"},{"taxonomy":"product_tag","embeddable":true,"href":"https:\/\/qualiquimica.com\/en\/wp-json\/wp\/v2\/product_tag?post=2774"}],"curies":[{"name":"wp","href":"https:\/\/api.w.org\/{rel}","templated":true}]}}