{"id":2777,"date":"2022-03-31T19:57:22","date_gmt":"2022-03-31T19:57:22","guid":{"rendered":"https:\/\/qualiquimica.com\/produto\/alcaplus-removedor-de-alcatrao\/"},"modified":"2022-10-19T23:52:03","modified_gmt":"2022-10-19T23:52:03","slug":"alcaplus-removedor-de-alcatrao","status":"publish","type":"product","link":"https:\/\/qualiquimica.com\/en\/product\/alcaplus-removedor-de-alcatrao\/","title":{"rendered":"AlcaPlus \u2013 Removedor de alcatr\u00e3o"},"content":{"rendered":"","protected":false},"excerpt":{"rendered":"<p>Mistura de solventes org\u00e2nicos para limpeza de alcatr\u00e3o e \u00f3leos em superf\u00edcies pintadas e metalizadas em autom\u00f3veis, m\u00e1quinas, motores, etc. N\u00e3o danifica a pintura, nem ataca os metais. Dissolve e emulsiona asfaltos, betumes, \u00f3leos, tintas asf\u00e1lticas, ceras, res\u00edduos ou manchas de alcatr\u00e3o.<\/p>\n","protected":false},"featured_media":3608,"comment_status":"open","ping_status":"closed","template":"","meta":[],"product_brand":[],"product_cat":[36,44],"product_tag":[],"class_list":{"0":"post-2777","1":"product","2":"type-product","3":"status-publish","4":"has-post-thumbnail","6":"product_cat-linha-profissional","7":"product_cat-auto-2","9":"first","10":"instock","11":"shipping-taxable","12":"purchasable","13":"product-type-variable"},"_links":{"self":[{"href":"https:\/\/qualiquimica.com\/en\/wp-json\/wp\/v2\/product\/2777"}],"collection":[{"href":"https:\/\/qualiquimica.com\/en\/wp-json\/wp\/v2\/product"}],"about":[{"href":"https:\/\/qualiquimica.com\/en\/wp-json\/wp\/v2\/types\/product"}],"replies":[{"embeddable":true,"href":"https:\/\/qualiquimica.com\/en\/wp-json\/wp\/v2\/comments?post=2777"}],"wp:featuredmedia":[{"embeddable":true,"href":"https:\/\/qualiquimica.com\/en\/wp-json\/wp\/v2\/media\/3608"}],"wp:attachment":[{"href":"https:\/\/qualiquimica.com\/en\/wp-json\/wp\/v2\/media?parent=2777"}],"wp:term":[{"taxonomy":"product_brand","embeddable":true,"href":"https:\/\/qualiquimica.com\/en\/wp-json\/wp\/v2\/product_brand?post=2777"},{"taxonomy":"product_cat","embeddable":true,"href":"https:\/\/qualiquimica.com\/en\/wp-json\/wp\/v2\/product_cat?post=2777"},{"taxonomy":"product_tag","embeddable":true,"href":"https:\/\/qualiquimica.com\/en\/wp-json\/wp\/v2\/product_tag?post=2777"}],"curies":[{"name":"wp","href":"https:\/\/api.w.org\/{rel}","templated":true}]}}