{"id":2778,"date":"2022-03-31T19:57:22","date_gmt":"2022-03-31T19:57:22","guid":{"rendered":"https:\/\/qualiquimica.com\/produto\/qualicarpet-super-limpa-estofos-e-tapecaria\/"},"modified":"2022-11-21T00:44:09","modified_gmt":"2022-11-21T00:44:09","slug":"qualicarpet-super-limpa-estofos-e-tapecaria","status":"publish","type":"product","link":"https:\/\/qualiquimica.com\/en\/product\/qualicarpet-super-limpa-estofos-e-tapecaria\/","title":{"rendered":"QualiCarpet Super \u2013 Limpa Estofos e Tape\u00e7aria"},"content":{"rendered":"","protected":false},"excerpt":{"rendered":"<p>Detergente concentrado para limpeza de estofos, tape\u00e7arias e alcatifas. De uso manual ou com m\u00e1quina de inje\u00e7\u00e3o \/ extra\u00e7\u00e3o. Permite uma limpeza eficaz e uma fragr\u00e2ncia agrad\u00e1vel.<\/p>\n","protected":false},"featured_media":3517,"comment_status":"open","ping_status":"closed","template":"","meta":[],"product_brand":[],"product_cat":[36,44],"product_tag":[],"class_list":{"0":"post-2778","1":"product","2":"type-product","3":"status-publish","4":"has-post-thumbnail","6":"product_cat-linha-profissional","7":"product_cat-auto-2","9":"first","10":"instock","11":"shipping-taxable","12":"purchasable","13":"product-type-variable"},"_links":{"self":[{"href":"https:\/\/qualiquimica.com\/en\/wp-json\/wp\/v2\/product\/2778"}],"collection":[{"href":"https:\/\/qualiquimica.com\/en\/wp-json\/wp\/v2\/product"}],"about":[{"href":"https:\/\/qualiquimica.com\/en\/wp-json\/wp\/v2\/types\/product"}],"replies":[{"embeddable":true,"href":"https:\/\/qualiquimica.com\/en\/wp-json\/wp\/v2\/comments?post=2778"}],"wp:featuredmedia":[{"embeddable":true,"href":"https:\/\/qualiquimica.com\/en\/wp-json\/wp\/v2\/media\/3517"}],"wp:attachment":[{"href":"https:\/\/qualiquimica.com\/en\/wp-json\/wp\/v2\/media?parent=2778"}],"wp:term":[{"taxonomy":"product_brand","embeddable":true,"href":"https:\/\/qualiquimica.com\/en\/wp-json\/wp\/v2\/product_brand?post=2778"},{"taxonomy":"product_cat","embeddable":true,"href":"https:\/\/qualiquimica.com\/en\/wp-json\/wp\/v2\/product_cat?post=2778"},{"taxonomy":"product_tag","embeddable":true,"href":"https:\/\/qualiquimica.com\/en\/wp-json\/wp\/v2\/product_tag?post=2778"}],"curies":[{"name":"wp","href":"https:\/\/api.w.org\/{rel}","templated":true}]}}