{"id":2780,"date":"2022-03-31T19:57:25","date_gmt":"2022-03-31T19:57:25","guid":{"rendered":"https:\/\/qualiquimica.com\/produto\/qualimot-desengordurante-de-pecas-base-solvente\/"},"modified":"2022-10-19T23:52:06","modified_gmt":"2022-10-19T23:52:06","slug":"qualimot-desengordurante-de-pecas-base-solvente","status":"publish","type":"product","link":"https:\/\/qualiquimica.com\/en\/product\/qualimot-desengordurante-de-pecas-base-solvente\/","title":{"rendered":"QualiMot \u2013 Desengordurante de Pe\u00e7as (Base solvente)"},"content":{"rendered":"","protected":false},"excerpt":{"rendered":"<p>Mistura de solventes de elevado poder desengordurante para limpeza e desengorduramento de pe\u00e7as por imers\u00e3o, em sistemas de lavagem de pe\u00e7as em tabuleiro em circuito fechado ou aplica\u00e7\u00e3o ao pincel. Dissolve gorduras, parafinas, lodos e \u00f3leos minerais. N\u00e3o ataca as pinturas nem os pl\u00e1sticos. Produto de alta efici\u00eancia e n\u00e3o corrosivo. Produto vers\u00e1til com aplica\u00e7\u00f5es essencialmente na ind\u00fastria e no ramo autom\u00f3vel.<\/p>\n","protected":false},"featured_media":1347,"comment_status":"open","ping_status":"closed","template":"","meta":[],"product_brand":[],"product_cat":[36,44],"product_tag":[],"class_list":{"0":"post-2780","1":"product","2":"type-product","3":"status-publish","4":"has-post-thumbnail","6":"product_cat-linha-profissional","7":"product_cat-auto-2","9":"first","10":"instock","11":"shipping-taxable","12":"purchasable","13":"product-type-variable"},"_links":{"self":[{"href":"https:\/\/qualiquimica.com\/en\/wp-json\/wp\/v2\/product\/2780"}],"collection":[{"href":"https:\/\/qualiquimica.com\/en\/wp-json\/wp\/v2\/product"}],"about":[{"href":"https:\/\/qualiquimica.com\/en\/wp-json\/wp\/v2\/types\/product"}],"replies":[{"embeddable":true,"href":"https:\/\/qualiquimica.com\/en\/wp-json\/wp\/v2\/comments?post=2780"}],"wp:featuredmedia":[{"embeddable":true,"href":"https:\/\/qualiquimica.com\/en\/wp-json\/wp\/v2\/media\/1347"}],"wp:attachment":[{"href":"https:\/\/qualiquimica.com\/en\/wp-json\/wp\/v2\/media?parent=2780"}],"wp:term":[{"taxonomy":"product_brand","embeddable":true,"href":"https:\/\/qualiquimica.com\/en\/wp-json\/wp\/v2\/product_brand?post=2780"},{"taxonomy":"product_cat","embeddable":true,"href":"https:\/\/qualiquimica.com\/en\/wp-json\/wp\/v2\/product_cat?post=2780"},{"taxonomy":"product_tag","embeddable":true,"href":"https:\/\/qualiquimica.com\/en\/wp-json\/wp\/v2\/product_tag?post=2780"}],"curies":[{"name":"wp","href":"https:\/\/api.w.org\/{rel}","templated":true}]}}