{"id":2787,"date":"2022-03-31T19:57:26","date_gmt":"2022-03-31T19:57:26","guid":{"rendered":"https:\/\/qualiquimica.com\/produto\/ecosuper-desengordurante-forte-2\/"},"modified":"2022-10-20T00:06:47","modified_gmt":"2022-10-20T00:06:47","slug":"ecosuper-desengordurante-forte-2","status":"publish","type":"product","link":"https:\/\/qualiquimica.com\/en\/product\/ecosuper-desengordurante-forte-2\/","title":{"rendered":"EcoSuper \u2013 Desengordurante Forte"},"content":{"rendered":"","protected":false},"excerpt":{"rendered":"<p>Desengordurante para uso no desengorduramento de motores, m\u00e1quinas, pe\u00e7as, jantes, pavimentos, azulejos, carro\u00e7arias, entre outros. Pode tamb\u00e9m ser usado em cozinhas no desengorduramento de fog\u00f5es, grelhas, extratores, etc.<\/p>\n","protected":false},"featured_media":1983,"comment_status":"open","ping_status":"closed","template":"","meta":[],"product_brand":[],"product_cat":[36,53],"product_tag":[],"class_list":{"0":"post-2787","1":"product","2":"type-product","3":"status-publish","4":"has-post-thumbnail","6":"product_cat-linha-profissional","7":"product_cat-manutencao-industrial","9":"first","10":"instock","11":"shipping-taxable","12":"purchasable","13":"product-type-variable"},"_links":{"self":[{"href":"https:\/\/qualiquimica.com\/en\/wp-json\/wp\/v2\/product\/2787"}],"collection":[{"href":"https:\/\/qualiquimica.com\/en\/wp-json\/wp\/v2\/product"}],"about":[{"href":"https:\/\/qualiquimica.com\/en\/wp-json\/wp\/v2\/types\/product"}],"replies":[{"embeddable":true,"href":"https:\/\/qualiquimica.com\/en\/wp-json\/wp\/v2\/comments?post=2787"}],"wp:featuredmedia":[{"embeddable":true,"href":"https:\/\/qualiquimica.com\/en\/wp-json\/wp\/v2\/media\/1983"}],"wp:attachment":[{"href":"https:\/\/qualiquimica.com\/en\/wp-json\/wp\/v2\/media?parent=2787"}],"wp:term":[{"taxonomy":"product_brand","embeddable":true,"href":"https:\/\/qualiquimica.com\/en\/wp-json\/wp\/v2\/product_brand?post=2787"},{"taxonomy":"product_cat","embeddable":true,"href":"https:\/\/qualiquimica.com\/en\/wp-json\/wp\/v2\/product_cat?post=2787"},{"taxonomy":"product_tag","embeddable":true,"href":"https:\/\/qualiquimica.com\/en\/wp-json\/wp\/v2\/product_tag?post=2787"}],"curies":[{"name":"wp","href":"https:\/\/api.w.org\/{rel}","templated":true}]}}